{"id":2612,"date":"2026-01-12T13:02:37","date_gmt":"2026-01-12T13:02:37","guid":{"rendered":"https:\/\/dsch.pt\/?page_id=2612"},"modified":"2026-01-13T14:09:59","modified_gmt":"2026-01-13T14:09:59","slug":"festival-e-academia-verao-classico","status":"publish","type":"page","link":"https:\/\/dsch.pt\/en\/festival-e-academia-verao-classico\/","title":{"rendered":"Festival e Academia Ver\u00e3o Cl\u00e1ssico"},"content":{"rendered":"<div data-elementor-type=\"wp-page\" data-elementor-id=\"2612\" class=\"elementor elementor-2612\">\n\t\t\t\t\t\t<section class=\"elementor-section elementor-top-section elementor-element elementor-element-14105df6 elementor-section-stretched elementor-section-boxed elementor-section-height-default elementor-section-height-default\" data-id=\"14105df6\" data-element_type=\"section\" data-e-type=\"section\" data-settings=\"{&quot;stretch_section&quot;:&quot;section-stretched&quot;,&quot;background_background&quot;:&quot;classic&quot;}\">\n\t\t\t\t\t\t<div class=\"elementor-container elementor-column-gap-narrow\">\n\t\t\t\t\t<div class=\"elementor-column elementor-col-100 elementor-top-column elementor-element elementor-element-7fdc47cb\" data-id=\"7fdc47cb\" data-element_type=\"column\" data-e-type=\"column\">\n\t\t\t<div class=\"elementor-widget-wrap elementor-element-populated\">\n\t\t\t\t\t\t<div class=\"elementor-element elementor-element-46f28fb elementor-widget elementor-widget-heading\" data-id=\"46f28fb\" data-element_type=\"widget\" data-e-type=\"widget\" data-widget_type=\"heading.default\">\n\t\t\t\t<div class=\"elementor-widget-container\">\n\t\t\t\t\t<h1 class=\"elementor-heading-title elementor-size-default\">Festival &amp; Academy VER\u00c3O CL\u00c1SSICO<\/h1>\t\t\t\t<\/div>\n\t\t\t\t<\/div>\n\t\t\t\t\t<\/div>\n\t\t<\/div>\n\t\t\t\t\t<\/div>\n\t\t<\/section>\n\t\t\t\t<section class=\"elementor-section elementor-top-section elementor-element elementor-element-e856d34 elementor-section-stretched elementor-section-boxed elementor-section-height-default elementor-section-height-default\" data-id=\"e856d34\" data-element_type=\"section\" data-e-type=\"section\" data-settings=\"{&quot;stretch_section&quot;:&quot;section-stretched&quot;}\">\n\t\t\t\t\t\t<div class=\"elementor-container elementor-column-gap-no\">\n\t\t\t\t\t<div class=\"elementor-column elementor-col-33 elementor-top-column elementor-element elementor-element-59e793c0 elementor-invisible\" data-id=\"59e793c0\" data-element_type=\"column\" data-e-type=\"column\" data-settings=\"{&quot;background_background&quot;:&quot;classic&quot;,&quot;animation&quot;:&quot;fadeInRight&quot;}\">\n\t\t\t<div class=\"elementor-widget-wrap elementor-element-populated\">\n\t\t\t\t\t\t<div class=\"elementor-element elementor-element-39eafbb elementor-widget elementor-widget-image\" data-id=\"39eafbb\" data-element_type=\"widget\" data-e-type=\"widget\" data-widget_type=\"image.default\">\n\t\t\t\t<div class=\"elementor-widget-container\">\n\t\t\t\t\t\t\t\t\t\t\t\t\t\t\t<img fetchpriority=\"high\" decoding=\"async\" width=\"800\" height=\"163\" src=\"https:\/\/dsch.pt\/wp-content\/uploads\/2025\/02\/VC2025_BAIXO-FINAL-1024x208.png\" class=\"attachment-large size-large wp-image-1562\" alt=\"\" srcset=\"https:\/\/dsch.pt\/wp-content\/uploads\/2025\/02\/VC2025_BAIXO-FINAL-1024x208.png 1024w, https:\/\/dsch.pt\/wp-content\/uploads\/2025\/02\/VC2025_BAIXO-FINAL-300x61.png 300w, https:\/\/dsch.pt\/wp-content\/uploads\/2025\/02\/VC2025_BAIXO-FINAL-768x156.png 768w, https:\/\/dsch.pt\/wp-content\/uploads\/2025\/02\/VC2025_BAIXO-FINAL-1536x313.png 1536w, https:\/\/dsch.pt\/wp-content\/uploads\/2025\/02\/VC2025_BAIXO-FINAL-2048x417.png 2048w\" sizes=\"(max-width: 800px) 100vw, 800px\" \/>\t\t\t\t\t\t\t\t\t\t\t\t\t\t\t<\/div>\n\t\t\t\t<\/div>\n\t\t\t\t<div class=\"elementor-element elementor-element-2ab5743a elementor-icon-list--layout-traditional elementor-list-item-link-full_width elementor-widget elementor-widget-icon-list\" data-id=\"2ab5743a\" data-element_type=\"widget\" data-e-type=\"widget\" data-widget_type=\"icon-list.default\">\n\t\t\t\t<div class=\"elementor-widget-container\">\n\t\t\t\t\t\t\t<ul class=\"elementor-icon-list-items\">\n\t\t\t\t\t\t\t<li class=\"elementor-icon-list-item\">\n\t\t\t\t\t\t\t\t\t\t\t<a href=\"https:\/\/veraoclassico.com\" target=\"_blank\">\n\n\t\t\t\t\t\t\t\t\t\t\t\t<span class=\"elementor-icon-list-icon\">\n\t\t\t\t\t\t\t<i aria-hidden=\"true\" class=\"fas fa-globe\"><\/i>\t\t\t\t\t\t<\/span>\n\t\t\t\t\t\t\t\t\t\t<span class=\"elementor-icon-list-text\">veraoclassico.com<\/span>\n\t\t\t\t\t\t\t\t\t\t\t<\/a>\n\t\t\t\t\t\t\t\t\t<\/li>\n\t\t\t\t\t\t\t\t<li class=\"elementor-icon-list-item\">\n\t\t\t\t\t\t\t\t\t\t\t<span class=\"elementor-icon-list-icon\">\n\t\t\t\t\t\t\t<i aria-hidden=\"true\" class=\"fas fa-location-arrow\"><\/i>\t\t\t\t\t\t<\/span>\n\t\t\t\t\t\t\t\t\t\t<span class=\"elementor-icon-list-text\">Lisbon, Portugal<\/span>\n\t\t\t\t\t\t\t\t\t<\/li>\n\t\t\t\t\t\t\t\t<li class=\"elementor-icon-list-item\">\n\t\t\t\t\t\t\t\t\t\t\t<a href=\"mailto:info@veraoclassico.com\">\n\n\t\t\t\t\t\t\t\t\t\t\t\t<span class=\"elementor-icon-list-icon\">\n\t\t\t\t\t\t\t<i aria-hidden=\"true\" class=\"fas fa-envelope\"><\/i>\t\t\t\t\t\t<\/span>\n\t\t\t\t\t\t\t\t\t\t<span class=\"elementor-icon-list-text\">info@veraoclassico.com<\/span>\n\t\t\t\t\t\t\t\t\t\t\t<\/a>\n\t\t\t\t\t\t\t\t\t<\/li>\n\t\t\t\t\t\t\t\t<li class=\"elementor-icon-list-item\">\n\t\t\t\t\t\t\t\t\t\t\t<a href=\"https:\/\/www.instagram.com\/veraoclassico\/\" target=\"_blank\">\n\n\t\t\t\t\t\t\t\t\t\t\t\t<span class=\"elementor-icon-list-icon\">\n\t\t\t\t\t\t\t<i aria-hidden=\"true\" class=\"fab fa-instagram\"><\/i>\t\t\t\t\t\t<\/span>\n\t\t\t\t\t\t\t\t\t\t<span class=\"elementor-icon-list-text\">Instagram<\/span>\n\t\t\t\t\t\t\t\t\t\t\t<\/a>\n\t\t\t\t\t\t\t\t\t<\/li>\n\t\t\t\t\t\t\t\t<li class=\"elementor-icon-list-item\">\n\t\t\t\t\t\t\t\t\t\t\t<a href=\"https:\/\/www.facebook.com\/VeraoClassico\" target=\"_blank\">\n\n\t\t\t\t\t\t\t\t\t\t\t\t<span class=\"elementor-icon-list-icon\">\n\t\t\t\t\t\t\t<i aria-hidden=\"true\" class=\"fab fa-facebook\"><\/i>\t\t\t\t\t\t<\/span>\n\t\t\t\t\t\t\t\t\t\t<span class=\"elementor-icon-list-text\">Facebook<\/span>\n\t\t\t\t\t\t\t\t\t\t\t<\/a>\n\t\t\t\t\t\t\t\t\t<\/li>\n\t\t\t\t\t\t<\/ul>\n\t\t\t\t\t\t<\/div>\n\t\t\t\t<\/div>\n\t\t\t\t\t<\/div>\n\t\t<\/div>\n\t\t\t\t<div class=\"elementor-column elementor-col-66 elementor-top-column elementor-element elementor-element-b94b144 elementor-invisible\" data-id=\"b94b144\" data-element_type=\"column\" data-e-type=\"column\" data-settings=\"{&quot;background_background&quot;:&quot;classic&quot;,&quot;animation&quot;:&quot;fadeInLeft&quot;}\">\n\t\t\t<div class=\"elementor-widget-wrap elementor-element-populated\">\n\t\t\t\t\t\t<section class=\"elementor-section elementor-inner-section elementor-element elementor-element-585caa5a elementor-section-boxed elementor-section-height-default elementor-section-height-default\" data-id=\"585caa5a\" data-element_type=\"section\" data-e-type=\"section\" data-settings=\"{&quot;background_background&quot;:&quot;classic&quot;}\">\n\t\t\t\t\t\t<div class=\"elementor-container elementor-column-gap-wider\">\n\t\t\t\t\t<div class=\"elementor-column elementor-col-100 elementor-inner-column elementor-element elementor-element-ff0f500\" data-id=\"ff0f500\" data-element_type=\"column\" data-e-type=\"column\">\n\t\t\t<div class=\"elementor-widget-wrap elementor-element-populated\">\n\t\t\t\t\t\t<div class=\"elementor-element elementor-element-61b5feda elementor-widget elementor-widget-text-editor\" data-id=\"61b5feda\" data-element_type=\"widget\" data-e-type=\"widget\" data-widget_type=\"text-editor.default\">\n\t\t\t\t<div class=\"elementor-widget-container\">\n\t\t\t\t\t\t\t\t\t<div class=\"elementor-element elementor-element-5256158 align-dce-justify elementor-widget elementor-widget-dyncontel-acf\" data-id=\"5256158\" data-element_type=\"widget\" data-settings=\"{&quot;acf_field_list&quot;:&quot;texto_topo&quot;,&quot;acf_type&quot;:&quot;text&quot;}\" data-widget_type=\"dyncontel-acf.default\"><div class=\"elementor-widget-container\"><div class=\"dynamic-content-for-elementor-acf\"><p class=\"translation-block\"><p data-start=\"42\" data-end=\"290\">Founded in 2015 by pianist <strong data-start=\"69\" data-end=\"93\">Filipe Pinto-Ribeiro<\/strong>, the <strong data-start=\"99\" data-end=\"136\">Festival &amp; Academy VER&Atilde;O CL&Aacute;SSICO<\/strong> is nationally and internationally recognized as one of the most important and sought-after festivals and academies of our time. With its dual focus on performance and education, <strong data-start=\"315\" data-end=\"333\">VER&Atilde;O CL&Aacute;SSICO<\/strong> annually presents in Lisbon concerts and masterclasses led by musicians and professors from some of the world&rsquo;s most prestigious institutions, as well as soloists from top orchestras, including conservatories and universities in Berlin, Paris, London, Brussels, Boston, Moscow, Oslo, Cologne, Geneva, Lausanne, Madrid, and orchestras such as the Paris Orchestra, Berlin Philharmonic, Concertgebouw Amsterdam, and Munich Bavarian Radio Orchestra.<\/p><\/p><p class=\"translation-block\"><p data-start=\"42\" data-end=\"290\">Among the renowned musicians who have participated in the <strong data-start=\"100\" data-end=\"137\">Festival &amp; Academy VER&Atilde;O CL&Aacute;SSICO<\/strong> since its founding are Ana Chumachenco, Gary Hoffman, Mihaela Martin, Pascal Moragu&egrave;s, Imogen Cooper, Emily Beynon, Radek Babor&aacute;k, Eldar Nebolsin, Frans Helmerson, Benjamin Schmid, Stephan Picard, Miguel da Silva, G&eacute;rard Causs&eacute;, Veronika Hagen, Adrian Brendel, Janne Saksala, Matthew MacDonald, Jack Liebeck, Ram&oacute;n Ortega-Quero, Lars Anders Tomter, Nicholas Daniel, Silvia Careddu, Christian Polt&eacute;ra, and Anna Samuil, among others.<\/p><\/p><\/div><\/div><\/div>\t\t\t\t\t\t\t\t<\/div>\n\t\t\t\t<\/div>\n\t\t\t\t<div class=\"elementor-element elementor-element-2acd621b elementor-widget elementor-widget-image\" data-id=\"2acd621b\" data-element_type=\"widget\" data-e-type=\"widget\" data-widget_type=\"image.default\">\n\t\t\t\t<div class=\"elementor-widget-container\">\n\t\t\t\t\t\t\t\t\t\t\t\t\t\t\t<img decoding=\"async\" width=\"2000\" height=\"1333\" src=\"https:\/\/dsch.pt\/wp-content\/uploads\/2024\/11\/AC_MasterFest-III_56-1.jpg\" class=\"attachment-full size-full wp-image-1446\" alt=\"\" srcset=\"https:\/\/dsch.pt\/wp-content\/uploads\/2024\/11\/AC_MasterFest-III_56-1.jpg 2000w, https:\/\/dsch.pt\/wp-content\/uploads\/2024\/11\/AC_MasterFest-III_56-1-300x200.jpg 300w, https:\/\/dsch.pt\/wp-content\/uploads\/2024\/11\/AC_MasterFest-III_56-1-1024x682.jpg 1024w, https:\/\/dsch.pt\/wp-content\/uploads\/2024\/11\/AC_MasterFest-III_56-1-768x512.jpg 768w, https:\/\/dsch.pt\/wp-content\/uploads\/2024\/11\/AC_MasterFest-III_56-1-1536x1024.jpg 1536w\" sizes=\"(max-width: 2000px) 100vw, 2000px\" \/>\t\t\t\t\t\t\t\t\t\t\t\t\t\t\t<\/div>\n\t\t\t\t<\/div>\n\t\t\t\t<div class=\"elementor-element elementor-element-4e08b21 elementor-widget elementor-widget-text-editor\" data-id=\"4e08b21\" data-element_type=\"widget\" data-e-type=\"widget\" data-widget_type=\"text-editor.default\">\n\t\t\t\t<div class=\"elementor-widget-container\">\n\t\t\t\t\t\t\t\t\t<p><span style=\"font-weight: 400;\"><p data-start=\"42\" data-end=\"290\">Since its first edition in 2015, <strong data-start=\"171\" data-end=\"206\">more than 1,500 young musicians<\/strong> have been selected to participate in the masterclasses of the <strong data-start=\"269\" data-end=\"306\">Festival &amp; Academy VER&Atilde;O CL&Aacute;SSICO<\/strong>, representing over <strong data-start=\"326\" data-end=\"369\">50 countries across all five continents<\/strong>, including South Africa, Germany, Argentina, Australia, Austria, Belgium, Belarus, Bolivia, Brazil, Canada, Kazakhstan, China, Colombia, South Korea, Croatia, Cuba, Denmark, Slovenia, Spain, the USA, France, Finland, Georgia, Guinea, Hungary, Iran, Israel, Italy, Japan, Lithuania, Latvia, Luxembourg, the Netherlands, Mexico, Norway, New\u202fZealand, Peru, Poland, Portugal, the United Kingdom, the Czech Republic, Romania, Russia, Serbia, Syria, Sweden, Switzerland, Turkey, Ukraine, Uzbekistan, Venezuela, and others.<\/p><\/span><\/p><p><span style=\"font-weight: 400;\"><p data-start=\"42\" data-end=\"290\">Since its first edition, <strong data-start=\"67\" data-end=\"92\">VER\u00c3O CL\u00c1SSICO Awards<\/strong> have been presented to the most outstanding young musicians participating in the Academy. These awards, in the form of concerts held within festivals and concert seasons in Portugal, play an important role in encouraging and recognizing the talent and effort of the participants during the <strong data-start=\"383\" data-end=\"420\">Festival &amp; Academy VER\u00c3O CL\u00c1SSICO<\/strong>.<\/span><\/p><p><span style=\"font-weight: 400;\"><p data-start=\"42\" data-end=\"290\">The <strong data-start=\"46\" data-end=\"83\">Festival &amp; Academy VER\u00c3O CL\u00c1SSICO<\/strong> thus promotes excellence in musical training and the public performance of young talent, supporting and encouraging participants in the development of their careers while fostering cultural exchange among musicians from diverse nationalities. For Portuguese students, it provides a platform within their own country to enhance their artistic level and offers the exceptional opportunity to learn from some of the world\u2019s most prestigious teachers.<\/span><\/p><p class=\"translation-block\"><p data-start=\"42\" data-end=\"290\">The <strong data-start=\"46\" data-end=\"83\">Festival &amp; Academy VER&Atilde;O CL&Aacute;SSICO<\/strong> is under the artistic and pedagogical direction of <strong data-start=\"135\" data-end=\"159\">Filipe Pinto-Ribeiro<\/strong>.<\/p><\/p>\t\t\t\t\t\t\t\t<\/div>\n\t\t\t\t<\/div>\n\t\t\t\t\t<\/div>\n\t\t<\/div>\n\t\t\t\t\t<\/div>\n\t\t<\/section>\n\t\t\t\t<section class=\"elementor-section elementor-inner-section elementor-element elementor-element-5f86a7d9 elementor-section-content-middle elementor-section-boxed elementor-section-height-default elementor-section-height-default\" data-id=\"5f86a7d9\" data-element_type=\"section\" data-e-type=\"section\" data-settings=\"{&quot;background_background&quot;:&quot;classic&quot;}\">\n\t\t\t\t\t\t<div class=\"elementor-container elementor-column-gap-wider\">\n\t\t\t\t\t<div class=\"elementor-column elementor-col-100 elementor-inner-column elementor-element elementor-element-7b39632d\" data-id=\"7b39632d\" data-element_type=\"column\" data-e-type=\"column\">\n\t\t\t<div class=\"elementor-widget-wrap elementor-element-populated\">\n\t\t\t\t\t\t<div class=\"elementor-element elementor-element-49c1d497 elementor-position-inline-start elementor-widget__width-initial elementor-view-default elementor-mobile-position-block-start elementor-widget elementor-widget-icon-box\" data-id=\"49c1d497\" data-element_type=\"widget\" data-e-type=\"widget\" data-widget_type=\"icon-box.default\">\n\t\t\t\t<div class=\"elementor-widget-container\">\n\t\t\t\t\t\t\t<div class=\"elementor-icon-box-wrapper\">\n\n\t\t\t\t\t\t<div class=\"elementor-icon-box-icon\">\n\t\t\t\t<a href=\"https:\/\/dsch.pt\/en\/festival-de-musica-dos-capuchos\/\" class=\"elementor-icon\" tabindex=\"-1\" aria-label=\"Capuchos Festival\">\n\t\t\t\t<i aria-hidden=\"true\" class=\"fas fa-angle-double-left\"><\/i>\t\t\t\t<\/a>\n\t\t\t<\/div>\n\t\t\t\n\t\t\t\t\t\t<div class=\"elementor-icon-box-content\">\n\n\t\t\t\t\t\t\t\t\t<span class=\"elementor-icon-box-title\">\n\t\t\t\t\t\t<a href=\"https:\/\/dsch.pt\/en\/festival-de-musica-dos-capuchos\/\" >\n\t\t\t\t\t\t\tCapuchos Festival\t\t\t\t\t\t<\/a>\n\t\t\t\t\t<\/span>\n\t\t\t\t\n\t\t\t\t\n\t\t\t<\/div>\n\t\t\t\n\t\t<\/div>\n\t\t\t\t\t\t<\/div>\n\t\t\t\t<\/div>\n\t\t\t\t<div class=\"elementor-element elementor-element-67c7a4a2 elementor-position-inline-end elementor-widget__width-initial elementor-view-default elementor-mobile-position-block-start elementor-widget elementor-widget-icon-box\" data-id=\"67c7a4a2\" data-element_type=\"widget\" data-e-type=\"widget\" data-widget_type=\"icon-box.default\">\n\t\t\t\t<div class=\"elementor-widget-container\">\n\t\t\t\t\t\t\t<div class=\"elementor-icon-box-wrapper\">\n\n\t\t\t\t\t\t<div class=\"elementor-icon-box-icon\">\n\t\t\t\t<a href=\"https:\/\/dsch.pt\/en\/festival-internacional-de-musica-braganca-classicfest\/\" class=\"elementor-icon\" tabindex=\"-1\" aria-label=\"Bragan\u00e7a ClassicFest\">\n\t\t\t\t<i aria-hidden=\"true\" class=\"fas fa-angle-double-right\"><\/i>\t\t\t\t<\/a>\n\t\t\t<\/div>\n\t\t\t\n\t\t\t\t\t\t<div class=\"elementor-icon-box-content\">\n\n\t\t\t\t\t\t\t\t\t<span class=\"elementor-icon-box-title\">\n\t\t\t\t\t\t<a href=\"https:\/\/dsch.pt\/en\/festival-internacional-de-musica-braganca-classicfest\/\" >\n\t\t\t\t\t\t\tBragan\u00e7a ClassicFest\t\t\t\t\t\t<\/a>\n\t\t\t\t\t<\/span>\n\t\t\t\t\n\t\t\t\t\n\t\t\t<\/div>\n\t\t\t\n\t\t<\/div>\n\t\t\t\t\t\t<\/div>\n\t\t\t\t<\/div>\n\t\t\t\t\t<\/div>\n\t\t<\/div>\n\t\t\t\t\t<\/div>\n\t\t<\/section>\n\t\t\t\t\t<\/div>\n\t\t<\/div>\n\t\t\t\t\t<\/div>\n\t\t<\/section>\n\t\t\t\t<\/div>","protected":false},"excerpt":{"rendered":"<p>Festival &amp; Academia VER\u00c3O CL\u00c1SSICO veraoclassico.com Lisboa, Portugal info@veraoclassico.com Instagram Facebook Fundado em 2015 pelo pianista Filipe Pinto-Ribeiro, o Festival &amp; Academia VER\u00c3O CL\u00c1SSICO \u00e9 reconhecido, nacional e internacionalmente, como um dos mais importantes e requisitados Festivais e Academias dos nossos dias. Com os seus dois eixos de actua\u00e7\u00e3o, performativo e educativo, o VER\u00c3O CL\u00c1SSICO&#8230;<\/p>","protected":false},"author":3,"featured_media":0,"parent":0,"menu_order":0,"comment_status":"closed","ping_status":"closed","template":"elementor_header_footer","meta":{"footnotes":""},"class_list":["post-2612","page","type-page","status-publish","hentry"],"aioseo_notices":[],"_links":{"self":[{"href":"https:\/\/dsch.pt\/en\/wp-json\/wp\/v2\/pages\/2612","targetHints":{"allow":["GET"]}}],"collection":[{"href":"https:\/\/dsch.pt\/en\/wp-json\/wp\/v2\/pages"}],"about":[{"href":"https:\/\/dsch.pt\/en\/wp-json\/wp\/v2\/types\/page"}],"author":[{"embeddable":true,"href":"https:\/\/dsch.pt\/en\/wp-json\/wp\/v2\/users\/3"}],"replies":[{"embeddable":true,"href":"https:\/\/dsch.pt\/en\/wp-json\/wp\/v2\/comments?post=2612"}],"version-history":[{"count":16,"href":"https:\/\/dsch.pt\/en\/wp-json\/wp\/v2\/pages\/2612\/revisions"}],"predecessor-version":[{"id":3045,"href":"https:\/\/dsch.pt\/en\/wp-json\/wp\/v2\/pages\/2612\/revisions\/3045"}],"wp:attachment":[{"href":"https:\/\/dsch.pt\/en\/wp-json\/wp\/v2\/media?parent=2612"}],"curies":[{"name":"wp","href":"https:\/\/api.w.org\/{rel}","templated":true}]}}