{"id":2661,"date":"2026-01-12T13:46:04","date_gmt":"2026-01-12T13:46:04","guid":{"rendered":"https:\/\/dsch.pt\/?page_id=2661"},"modified":"2026-01-13T14:18:31","modified_gmt":"2026-01-13T14:18:31","slug":"juventus-ensemble","status":"publish","type":"page","link":"https:\/\/dsch.pt\/en\/juventus-ensemble\/","title":{"rendered":"Juventus Ensemble"},"content":{"rendered":"<div data-elementor-type=\"wp-page\" data-elementor-id=\"2661\" class=\"elementor elementor-2661\">\n\t\t\t\t\t\t<section class=\"elementor-section elementor-top-section elementor-element elementor-element-14105df6 elementor-section-stretched elementor-section-boxed elementor-section-height-default elementor-section-height-default\" data-id=\"14105df6\" data-element_type=\"section\" data-e-type=\"section\" data-settings=\"{&quot;stretch_section&quot;:&quot;section-stretched&quot;,&quot;background_background&quot;:&quot;classic&quot;}\">\n\t\t\t\t\t\t<div class=\"elementor-container elementor-column-gap-narrow\">\n\t\t\t\t\t<div class=\"elementor-column elementor-col-100 elementor-top-column elementor-element elementor-element-7fdc47cb\" data-id=\"7fdc47cb\" data-element_type=\"column\" data-e-type=\"column\">\n\t\t\t<div class=\"elementor-widget-wrap elementor-element-populated\">\n\t\t\t\t\t\t<div class=\"elementor-element elementor-element-46f28fb elementor-widget elementor-widget-heading\" data-id=\"46f28fb\" data-element_type=\"widget\" data-e-type=\"widget\" data-widget_type=\"heading.default\">\n\t\t\t\t<div class=\"elementor-widget-container\">\n\t\t\t\t\t<h1 class=\"elementor-heading-title elementor-size-default\">Juventus Ensemble<\/h1>\t\t\t\t<\/div>\n\t\t\t\t<\/div>\n\t\t\t\t\t<\/div>\n\t\t<\/div>\n\t\t\t\t\t<\/div>\n\t\t<\/section>\n\t\t\t\t<section class=\"elementor-section elementor-top-section elementor-element elementor-element-e856d34 elementor-section-stretched elementor-section-boxed elementor-section-height-default elementor-section-height-default\" data-id=\"e856d34\" data-element_type=\"section\" data-e-type=\"section\" data-settings=\"{&quot;stretch_section&quot;:&quot;section-stretched&quot;}\">\n\t\t\t\t\t\t<div class=\"elementor-container elementor-column-gap-no\">\n\t\t\t\t\t<div class=\"elementor-column elementor-col-33 elementor-top-column elementor-element elementor-element-59e793c0 elementor-invisible\" data-id=\"59e793c0\" data-element_type=\"column\" data-e-type=\"column\" data-settings=\"{&quot;background_background&quot;:&quot;classic&quot;,&quot;animation&quot;:&quot;fadeInRight&quot;}\">\n\t\t\t<div class=\"elementor-widget-wrap elementor-element-populated\">\n\t\t\t\t\t\t<div class=\"elementor-element elementor-element-39eafbb elementor-widget elementor-widget-image\" data-id=\"39eafbb\" data-element_type=\"widget\" data-e-type=\"widget\" data-widget_type=\"image.default\">\n\t\t\t\t<div class=\"elementor-widget-container\">\n\t\t\t\t\t\t\t\t\t\t\t\t\t\t\t<img fetchpriority=\"high\" decoding=\"async\" width=\"800\" height=\"800\" src=\"https:\/\/dsch.pt\/wp-content\/uploads\/2025\/12\/LOGOS-JUVENTUS_Azul-1024x1024.png\" class=\"attachment-large size-large wp-image-1932\" alt=\"\" srcset=\"https:\/\/dsch.pt\/wp-content\/uploads\/2025\/12\/LOGOS-JUVENTUS_Azul-1024x1024.png 1024w, https:\/\/dsch.pt\/wp-content\/uploads\/2025\/12\/LOGOS-JUVENTUS_Azul-300x300.png 300w, https:\/\/dsch.pt\/wp-content\/uploads\/2025\/12\/LOGOS-JUVENTUS_Azul-150x150.png 150w, https:\/\/dsch.pt\/wp-content\/uploads\/2025\/12\/LOGOS-JUVENTUS_Azul-768x768.png 768w, https:\/\/dsch.pt\/wp-content\/uploads\/2025\/12\/LOGOS-JUVENTUS_Azul-1536x1536.png 1536w, https:\/\/dsch.pt\/wp-content\/uploads\/2025\/12\/LOGOS-JUVENTUS_Azul-2048x2048.png 2048w, https:\/\/dsch.pt\/wp-content\/uploads\/2025\/12\/LOGOS-JUVENTUS_Azul-100x100.png 100w, https:\/\/dsch.pt\/wp-content\/uploads\/2025\/12\/LOGOS-JUVENTUS_Azul-200x200.png 200w, https:\/\/dsch.pt\/wp-content\/uploads\/2025\/12\/LOGOS-JUVENTUS_Azul-400x400.png 400w, https:\/\/dsch.pt\/wp-content\/uploads\/2025\/12\/LOGOS-JUVENTUS_Azul-500x500.png 500w\" sizes=\"(max-width: 800px) 100vw, 800px\" \/>\t\t\t\t\t\t\t\t\t\t\t\t\t\t\t<\/div>\n\t\t\t\t<\/div>\n\t\t\t\t<div class=\"elementor-element elementor-element-2ab5743a elementor-icon-list--layout-traditional elementor-list-item-link-full_width elementor-widget elementor-widget-icon-list\" data-id=\"2ab5743a\" data-element_type=\"widget\" data-e-type=\"widget\" data-widget_type=\"icon-list.default\">\n\t\t\t\t<div class=\"elementor-widget-container\">\n\t\t\t\t\t\t\t<ul class=\"elementor-icon-list-items\">\n\t\t\t\t\t\t\t<li class=\"elementor-icon-list-item\">\n\t\t\t\t\t\t\t\t\t\t\t<a href=\"https:\/\/www.instagram.com\/juventus_ensemble\/\" target=\"_blank\">\n\n\t\t\t\t\t\t\t\t\t\t\t\t<span class=\"elementor-icon-list-icon\">\n\t\t\t\t\t\t\t<i aria-hidden=\"true\" class=\"fab fa-instagram\"><\/i>\t\t\t\t\t\t<\/span>\n\t\t\t\t\t\t\t\t\t\t<span class=\"elementor-icon-list-text\">Instagram<\/span>\n\t\t\t\t\t\t\t\t\t\t\t<\/a>\n\t\t\t\t\t\t\t\t\t<\/li>\n\t\t\t\t\t\t\t\t<li class=\"elementor-icon-list-item\">\n\t\t\t\t\t\t\t\t\t\t\t<a href=\"https:\/\/www.facebook.com\/juventusensemble\" target=\"_blank\">\n\n\t\t\t\t\t\t\t\t\t\t\t\t<span class=\"elementor-icon-list-icon\">\n\t\t\t\t\t\t\t<i aria-hidden=\"true\" class=\"fab fa-facebook\"><\/i>\t\t\t\t\t\t<\/span>\n\t\t\t\t\t\t\t\t\t\t<span class=\"elementor-icon-list-text\">Facebook<\/span>\n\t\t\t\t\t\t\t\t\t\t\t<\/a>\n\t\t\t\t\t\t\t\t\t<\/li>\n\t\t\t\t\t\t<\/ul>\n\t\t\t\t\t\t<\/div>\n\t\t\t\t<\/div>\n\t\t\t\t\t<\/div>\n\t\t<\/div>\n\t\t\t\t<div class=\"elementor-column elementor-col-66 elementor-top-column elementor-element elementor-element-b94b144 elementor-invisible\" data-id=\"b94b144\" data-element_type=\"column\" data-e-type=\"column\" data-settings=\"{&quot;background_background&quot;:&quot;classic&quot;,&quot;animation&quot;:&quot;fadeInLeft&quot;}\">\n\t\t\t<div class=\"elementor-widget-wrap elementor-element-populated\">\n\t\t\t\t\t\t<section class=\"elementor-section elementor-inner-section elementor-element elementor-element-585caa5a elementor-section-boxed elementor-section-height-default elementor-section-height-default\" data-id=\"585caa5a\" data-element_type=\"section\" data-e-type=\"section\" data-settings=\"{&quot;background_background&quot;:&quot;classic&quot;}\">\n\t\t\t\t\t\t<div class=\"elementor-container elementor-column-gap-wider\">\n\t\t\t\t\t<div class=\"elementor-column elementor-col-100 elementor-inner-column elementor-element elementor-element-ff0f500\" data-id=\"ff0f500\" data-element_type=\"column\" data-e-type=\"column\">\n\t\t\t<div class=\"elementor-widget-wrap elementor-element-populated\">\n\t\t\t\t\t\t<div class=\"elementor-element elementor-element-61b5feda elementor-widget elementor-widget-text-editor\" data-id=\"61b5feda\" data-element_type=\"widget\" data-e-type=\"widget\" data-widget_type=\"text-editor.default\">\n\t\t\t\t<div class=\"elementor-widget-container\">\n\t\t\t\t\t\t\t\t\t<div class=\"elementor-element elementor-element-5256158 align-dce-justify elementor-widget elementor-widget-dyncontel-acf\" data-id=\"5256158\" data-element_type=\"widget\" data-settings=\"{&quot;acf_field_list&quot;:&quot;texto_topo&quot;,&quot;acf_type&quot;:&quot;text&quot;}\" data-widget_type=\"dyncontel-acf.default\"><div class=\"elementor-widget-container\"><div class=\"dynamic-content-for-elementor-acf\"><div dir=\"ltr\"><p><span style=\"font-weight: 400;\">Drawing its name from the Roman goddess of youth, Juventas, the Juventus Ensemble (JuvE) is a musical project whose primary aim is to serve as a creative platform and a catalyst for opportunities for young musicians of recognized talent.<\/span><\/p><p><span style=\"font-weight: 400;\">Founded in 2022 by Filipe Pinto-Ribeiro, the Juventus Ensemble made its debut in Bragan\u00e7a at the Church of S\u00e3o Francisco, as part of the 2nd Bragan\u00e7a ClassicFest Festival, performing works by Eurico Carrapatoso and Anton\u00edn Dvo\u0159\u00e1k.<\/span><\/p><p><span style=\"font-weight: 400;\">A musical ensemble of flexible instrumentation, the Juventus Ensemble has promoted concerts and artistic residencies in collaboration with world-renowned artists\u2014such as Pascal Moragu\u00e8s, Jack Liebeck, Stephan Picard, and Filipe Pinto-Ribeiro\u2014exploring a repertoire spanning diverse periods and musical styles, with the aim of welcoming and fostering the finest emerging talents on the musical scene.<\/span><\/p><p class=\"translation-block\"><p><span style=\"font-weight: 400\">Among the young musicians who have performed with the <b>Juventus Ensemble<\/b> are violinists Arieta Liatsi, Amia Janicki, Xunyue Zhang, Alfonso Pinto-Ribeiro, Filipe Fernandes, M\u0103lina Ciobanu, Tom\u00e1s Soares, and Laura Handler; violists Francisco Louren\u00e7o, Sofia Silva Sousa, Jiliang Shi, Jo\u00e3o \u00c1lvares Abreu, and Gustavo Rebelo; cellists Geirthrudur Gudmundsdottir, Jo\u00e3o Pedro Gon\u00e7alves, Beatriz Raimundo, Leonardo Petracci, Guilherme Moraes, Sof\u00eda Torres, and Pedro Gomes da Silva; double bassist Rui Pedro Rodrigues; harpsichordist Rafaela Salgado; oboist Lu\u00edsa Bandeira; clarinetists Telmo Costa and Jo\u00e3o Paiva; trumpeter Lu\u00eds Duarte Moreira; and flutist S\u00f3nia Pais.<\/span><\/p><\/div><\/div><\/div><\/div>\t\t\t\t\t\t\t\t<\/div>\n\t\t\t\t<\/div>\n\t\t\t\t<div class=\"elementor-element elementor-element-2acd621b elementor-widget elementor-widget-image\" data-id=\"2acd621b\" data-element_type=\"widget\" data-e-type=\"widget\" data-widget_type=\"image.default\">\n\t\t\t\t<div class=\"elementor-widget-container\">\n\t\t\t\t\t\t\t\t\t\t\t\t\t\t\t<img decoding=\"async\" width=\"2048\" height=\"1366\" src=\"https:\/\/dsch.pt\/wp-content\/uploads\/2026\/01\/594793595_122106937533133371_193066629796044373_n.jpg\" class=\"attachment-full size-full wp-image-2663\" alt=\"\" srcset=\"https:\/\/dsch.pt\/wp-content\/uploads\/2026\/01\/594793595_122106937533133371_193066629796044373_n.jpg 2048w, https:\/\/dsch.pt\/wp-content\/uploads\/2026\/01\/594793595_122106937533133371_193066629796044373_n-300x200.jpg 300w, https:\/\/dsch.pt\/wp-content\/uploads\/2026\/01\/594793595_122106937533133371_193066629796044373_n-1024x683.jpg 1024w, https:\/\/dsch.pt\/wp-content\/uploads\/2026\/01\/594793595_122106937533133371_193066629796044373_n-768x512.jpg 768w, https:\/\/dsch.pt\/wp-content\/uploads\/2026\/01\/594793595_122106937533133371_193066629796044373_n-1536x1025.jpg 1536w\" sizes=\"(max-width: 2048px) 100vw, 2048px\" \/>\t\t\t\t\t\t\t\t\t\t\t\t\t\t\t<\/div>\n\t\t\t\t<\/div>\n\t\t\t\t<div class=\"elementor-element elementor-element-f93e2d8 elementor-widget elementor-widget-text-editor\" data-id=\"f93e2d8\" data-element_type=\"widget\" data-e-type=\"widget\" data-widget_type=\"text-editor.default\">\n\t\t\t\t<div class=\"elementor-widget-container\">\n\t\t\t\t\t\t\t\t\t<div class=\"elementor-element elementor-element-5256158 align-dce-justify elementor-widget elementor-widget-dyncontel-acf\" data-id=\"5256158\" data-element_type=\"widget\" data-settings=\"{&quot;acf_field_list&quot;:&quot;texto_topo&quot;,&quot;acf_type&quot;:&quot;text&quot;}\" data-widget_type=\"dyncontel-acf.default\"><div class=\"elementor-widget-container\"><div class=\"dynamic-content-for-elementor-acf\"><div dir=\"ltr\"><p><span style=\"font-weight: 400;\">In February 2023, the Juventus Ensemble presented the world premiere of Dreaming and Thinking, a Sextet by American composer Bruce Adolphe, as part of the 2nd Musical-Mind Cycle at the Monastery of S\u00e3o Bento da Vit\u00f3ria. Later that same year, the Juventus Ensemble made its international debut with two concerts at the Festival de Musique de Pr\u00e9mery in France.<\/span><\/p><p class=\"translation-block\"><p><span style=\"font-weight: 400\">The <b>Juventus Ensemble<\/b> is under the artistic direction of <b>Filipe Pinto-Ribeiro<\/b> and is supported by the Directorate-General for the Arts of the Ministry of Culture.<\/span><\/p><\/div><\/div><\/div><\/div>\t\t\t\t\t\t\t\t<\/div>\n\t\t\t\t<\/div>\n\t\t\t\t\t<\/div>\n\t\t<\/div>\n\t\t\t\t\t<\/div>\n\t\t<\/section>\n\t\t\t\t<section class=\"elementor-section elementor-inner-section elementor-element elementor-element-5f86a7d9 elementor-section-content-middle elementor-section-boxed elementor-section-height-default elementor-section-height-default\" data-id=\"5f86a7d9\" data-element_type=\"section\" data-e-type=\"section\" data-settings=\"{&quot;background_background&quot;:&quot;classic&quot;}\">\n\t\t\t\t\t\t<div class=\"elementor-container elementor-column-gap-wider\">\n\t\t\t\t\t<div class=\"elementor-column elementor-col-100 elementor-inner-column elementor-element elementor-element-7b39632d\" data-id=\"7b39632d\" data-element_type=\"column\" data-e-type=\"column\">\n\t\t\t<div class=\"elementor-widget-wrap elementor-element-populated\">\n\t\t\t\t\t\t<div class=\"elementor-element elementor-element-d9a7ab5 elementor-position-inline-start elementor-widget__width-initial elementor-view-default elementor-mobile-position-block-start elementor-widget elementor-widget-icon-box\" data-id=\"d9a7ab5\" data-element_type=\"widget\" data-e-type=\"widget\" data-widget_type=\"icon-box.default\">\n\t\t\t\t<div class=\"elementor-widget-container\">\n\t\t\t\t\t\t\t<div class=\"elementor-icon-box-wrapper\">\n\n\t\t\t\t\t\t<div class=\"elementor-icon-box-icon\">\n\t\t\t\t<a href=\"https:\/\/dsch.pt\/en\/premio-de-composicao\/\" class=\"elementor-icon\" tabindex=\"-1\" aria-label=\"Composition Award\">\n\t\t\t\t<i aria-hidden=\"true\" class=\"fas fa-angle-double-left\"><\/i>\t\t\t\t<\/a>\n\t\t\t<\/div>\n\t\t\t\n\t\t\t\t\t\t<div class=\"elementor-icon-box-content\">\n\n\t\t\t\t\t\t\t\t\t<span class=\"elementor-icon-box-title\">\n\t\t\t\t\t\t<a href=\"https:\/\/dsch.pt\/en\/premio-de-composicao\/\" >\n\t\t\t\t\t\t\tComposition Award\t\t\t\t\t\t<\/a>\n\t\t\t\t\t<\/span>\n\t\t\t\t\n\t\t\t\t\n\t\t\t<\/div>\n\t\t\t\n\t\t<\/div>\n\t\t\t\t\t\t<\/div>\n\t\t\t\t<\/div>\n\t\t\t\t<div class=\"elementor-element elementor-element-67c7a4a2 elementor-position-inline-end elementor-widget__width-initial elementor-view-default elementor-mobile-position-block-start elementor-widget elementor-widget-icon-box\" data-id=\"67c7a4a2\" data-element_type=\"widget\" data-e-type=\"widget\" data-widget_type=\"icon-box.default\">\n\t\t\t\t<div class=\"elementor-widget-container\">\n\t\t\t\t\t\t\t<div class=\"elementor-icon-box-wrapper\">\n\n\t\t\t\t\t\t<div class=\"elementor-icon-box-icon\">\n\t\t\t\t<a href=\"https:\/\/dsch.pt\/en\/dsch-schostakovich-ensemble\/\" class=\"elementor-icon\" tabindex=\"-1\" aria-label=\"DSCH Schostakovich Ensemble\">\n\t\t\t\t<i aria-hidden=\"true\" class=\"fas fa-angle-double-right\"><\/i>\t\t\t\t<\/a>\n\t\t\t<\/div>\n\t\t\t\n\t\t\t\t\t\t<div class=\"elementor-icon-box-content\">\n\n\t\t\t\t\t\t\t\t\t<span class=\"elementor-icon-box-title\">\n\t\t\t\t\t\t<a href=\"https:\/\/dsch.pt\/en\/dsch-schostakovich-ensemble\/\" >\n\t\t\t\t\t\t\tDSCH Schostakovich Ensemble\t\t\t\t\t\t<\/a>\n\t\t\t\t\t<\/span>\n\t\t\t\t\n\t\t\t\t\n\t\t\t<\/div>\n\t\t\t\n\t\t<\/div>\n\t\t\t\t\t\t<\/div>\n\t\t\t\t<\/div>\n\t\t\t\t\t<\/div>\n\t\t<\/div>\n\t\t\t\t\t<\/div>\n\t\t<\/section>\n\t\t\t\t\t<\/div>\n\t\t<\/div>\n\t\t\t\t\t<\/div>\n\t\t<\/section>\n\t\t\t\t<\/div>","protected":false},"excerpt":{"rendered":"<p>Juventus Ensemble Instagram Facebook Colhendo o seu nome na deusa da juventude da mitologia romana, o Juventus Ensemble (JuvE) \u00e9 um projecto musical que tem como principal objectivo ser uma plataforma de cria\u00e7\u00e3o e um catalisador de oportunidades para jovens m\u00fasicos de reconhecido talento. Fundado em 2022 por Filipe Pinto-Ribeiro, o Juventus Ensemble teve a&#8230;<\/p>","protected":false},"author":3,"featured_media":0,"parent":0,"menu_order":0,"comment_status":"closed","ping_status":"closed","template":"elementor_header_footer","meta":{"footnotes":""},"class_list":["post-2661","page","type-page","status-publish","hentry"],"aioseo_notices":[],"_links":{"self":[{"href":"https:\/\/dsch.pt\/en\/wp-json\/wp\/v2\/pages\/2661","targetHints":{"allow":["GET"]}}],"collection":[{"href":"https:\/\/dsch.pt\/en\/wp-json\/wp\/v2\/pages"}],"about":[{"href":"https:\/\/dsch.pt\/en\/wp-json\/wp\/v2\/types\/page"}],"author":[{"embeddable":true,"href":"https:\/\/dsch.pt\/en\/wp-json\/wp\/v2\/users\/3"}],"replies":[{"embeddable":true,"href":"https:\/\/dsch.pt\/en\/wp-json\/wp\/v2\/comments?post=2661"}],"version-history":[{"count":10,"href":"https:\/\/dsch.pt\/en\/wp-json\/wp\/v2\/pages\/2661\/revisions"}],"predecessor-version":[{"id":3072,"href":"https:\/\/dsch.pt\/en\/wp-json\/wp\/v2\/pages\/2661\/revisions\/3072"}],"wp:attachment":[{"href":"https:\/\/dsch.pt\/en\/wp-json\/wp\/v2\/media?parent=2661"}],"curies":[{"name":"wp","href":"https:\/\/api.w.org\/{rel}","templated":true}]}}