{"id":2720,"date":"2026-01-12T15:10:41","date_gmt":"2026-01-12T15:10:41","guid":{"rendered":"https:\/\/dsch.pt\/?page_id=2720"},"modified":"2026-01-14T11:05:18","modified_gmt":"2026-01-14T11:05:18","slug":"noticias-2024","status":"publish","type":"page","link":"https:\/\/dsch.pt\/en\/noticias-2024\/","title":{"rendered":"Not\u00edcias 2024"},"content":{"rendered":"<div data-elementor-type=\"wp-page\" data-elementor-id=\"2720\" class=\"elementor elementor-2720\">\n\t\t\t\t\t\t<section class=\"elementor-section elementor-top-section elementor-element elementor-element-3d465b18 elementor-section-stretched elementor-section-boxed elementor-section-height-default elementor-section-height-default\" data-id=\"3d465b18\" data-element_type=\"section\" data-e-type=\"section\" data-settings=\"{&quot;stretch_section&quot;:&quot;section-stretched&quot;,&quot;background_background&quot;:&quot;classic&quot;}\">\n\t\t\t\t\t\t<div class=\"elementor-container elementor-column-gap-no\">\n\t\t\t\t\t<div class=\"elementor-column elementor-col-100 elementor-top-column elementor-element elementor-element-66da67e5\" data-id=\"66da67e5\" data-element_type=\"column\" data-e-type=\"column\">\n\t\t\t<div class=\"elementor-widget-wrap elementor-element-populated\">\n\t\t\t\t\t\t<div class=\"elementor-element elementor-element-6236edbf elementor-widget elementor-widget-heading\" data-id=\"6236edbf\" data-element_type=\"widget\" data-e-type=\"widget\" data-widget_type=\"heading.default\">\n\t\t\t\t<div class=\"elementor-widget-container\">\n\t\t\t\t\t<h2 class=\"elementor-heading-title elementor-size-default\">2024<\/h2>\t\t\t\t<\/div>\n\t\t\t\t<\/div>\n\t\t\t\t<div class=\"elementor-element elementor-element-17a82bfd elementor-absolute elementor-widget elementor-widget-heading\" data-id=\"17a82bfd\" data-element_type=\"widget\" data-e-type=\"widget\" data-settings=\"{&quot;_position&quot;:&quot;absolute&quot;}\" data-widget_type=\"heading.default\">\n\t\t\t\t<div class=\"elementor-widget-container\">\n\t\t\t\t\t<span class=\"elementor-heading-title elementor-size-default\">News<\/span>\t\t\t\t<\/div>\n\t\t\t\t<\/div>\n\t\t\t\t\t<\/div>\n\t\t<\/div>\n\t\t\t\t\t<\/div>\n\t\t<\/section>\n\t\t\t\t<section class=\"elementor-section elementor-top-section elementor-element elementor-element-29b1f48a elementor-section-stretched elementor-section-boxed elementor-section-height-default elementor-section-height-default\" data-id=\"29b1f48a\" data-element_type=\"section\" data-e-type=\"section\" data-settings=\"{&quot;stretch_section&quot;:&quot;section-stretched&quot;,&quot;background_background&quot;:&quot;classic&quot;}\">\n\t\t\t\t\t\t<div class=\"elementor-container elementor-column-gap-no\">\n\t\t\t\t\t<div class=\"elementor-column elementor-col-100 elementor-top-column elementor-element elementor-element-17108c34 elementor-invisible\" data-id=\"17108c34\" data-element_type=\"column\" data-e-type=\"column\" data-settings=\"{&quot;animation&quot;:&quot;fadeInLeft&quot;}\">\n\t\t\t<div class=\"elementor-widget-wrap elementor-element-populated\">\n\t\t\t\t\t\t<div class=\"elementor-element elementor-element-2182557d elementor-grid-eael-col-3 elementor-grid-tablet-eael-col-2 elementor-grid-mobile-eael-col-1 elementor-widget elementor-widget-eael-post-grid\" data-id=\"2182557d\" data-element_type=\"widget\" data-e-type=\"widget\" data-settings=\"{&quot;eael_post_grid_columns&quot;:&quot;eael-col-3&quot;,&quot;eael_post_grid_columns_tablet&quot;:&quot;eael-col-2&quot;,&quot;eael_post_grid_columns_mobile&quot;:&quot;eael-col-1&quot;}\" data-widget_type=\"eael-post-grid.default\">\n\t\t\t\t<div class=\"elementor-widget-container\">\n\t\t\t\t\t<div id=\"eael-post-grid-2182557d\" class=\"eael-post-grid-container\">\n            <div class=\"eael-post-grid eael-post-appender eael-post-appender-2182557d eael-post-grid-style-two\" data-layout-mode=\"grid\"><article class=\"eael-grid-post  eael-post-grid-column eael-pg-post-2725 category-2024\" data-id=\"2725\">\n    <div class=\"eael-grid-post-holder\">\n        <div class=\"eael-grid-post-holder-inner\"><div class=\"eael-entry-media\"><div class=\"eael-entry-overlay fade-in\"><i class=\"fas fa-book-reader\" aria-hidden=\"true\"><\/i><a href=\"https:\/\/dsch.pt\/en\/4o-ciclo-de-concertos-musical-mente-24-25\/\"><\/a><\/div><div class=\"eael-entry-thumbnail\">\n                            <img fetchpriority=\"high\" decoding=\"async\" width=\"1140\" height=\"1140\" src=\"https:\/\/dsch.pt\/wp-content\/uploads\/2024\/12\/Noticia-MUS-2025.png\" class=\"attachment-full size-full wp-image-1517\" alt=\"\" srcset=\"https:\/\/dsch.pt\/wp-content\/uploads\/2024\/12\/Noticia-MUS-2025.png 1140w, https:\/\/dsch.pt\/wp-content\/uploads\/2024\/12\/Noticia-MUS-2025-300x300.png 300w, https:\/\/dsch.pt\/wp-content\/uploads\/2024\/12\/Noticia-MUS-2025-1024x1024.png 1024w, https:\/\/dsch.pt\/wp-content\/uploads\/2024\/12\/Noticia-MUS-2025-150x150.png 150w, https:\/\/dsch.pt\/wp-content\/uploads\/2024\/12\/Noticia-MUS-2025-768x768.png 768w, https:\/\/dsch.pt\/wp-content\/uploads\/2024\/12\/Noticia-MUS-2025-600x600.png 600w\" sizes=\"(max-width: 1140px) 100vw, 1140px\" \/>\n                            <\/div>\n                    <\/div><div class=\"eael-entry-wrapper\"><header class=\"eael-entry-header\"><h2 class=\"eael-entry-title\"><a class=\"eael-grid-post-link\" href=\"https:\/\/dsch.pt\/en\/4o-ciclo-de-concertos-musical-mente-24-25\/\" title=\"4\u00ba Ciclo de Concertos MUSICAL-MENTE  &#8217;24\/25\">4th MUSICAL-MENTE Concert Series \u201924\/25<\/a><\/h2><\/header><div class=\"eael-entry-header-after style-two\"><div class=\"eael-entry-meta\"><\/div><\/div><div class=\"eael-entry-content\">\n                                <div class=\"eael-grid-post-excerpt\"><p>The Teatro Nacional S\u00e3o Jo\u00e3o hosts the fourth edition of MUSICAL-MENTE, curated by Filipe Pinto-Ribeiro and inspired by the connections between music and poetry\u2026<\/p><\/div>\n                            <\/div><\/div><\/div>\n    <\/div>\n<\/article><article class=\"eael-grid-post  eael-post-grid-column eael-pg-post-2737 category-2024\" data-id=\"2737\">\n    <div class=\"eael-grid-post-holder\">\n        <div class=\"eael-grid-post-holder-inner\"><div class=\"eael-entry-media\"><div class=\"eael-entry-overlay fade-in\"><i class=\"fas fa-book-reader\" aria-hidden=\"true\"><\/i><a href=\"https:\/\/dsch.pt\/en\/o-compositor-sergio-azevedo-e-o-vencedor-do-premio-dsch-schostakovich-ensemble-em-2024\/\"><\/a><\/div><div class=\"eael-entry-thumbnail\">\n                            <img decoding=\"async\" width=\"2000\" height=\"2000\" src=\"https:\/\/dsch.pt\/wp-content\/uploads\/2024\/12\/1x1-Se\u0301rgio-Azevedo.jpg\" class=\"attachment-full size-full wp-image-1516\" alt=\"\" srcset=\"https:\/\/dsch.pt\/wp-content\/uploads\/2024\/12\/1x1-Se\u0301rgio-Azevedo.jpg 2000w, https:\/\/dsch.pt\/wp-content\/uploads\/2024\/12\/1x1-Se\u0301rgio-Azevedo-300x300.jpg 300w, https:\/\/dsch.pt\/wp-content\/uploads\/2024\/12\/1x1-Se\u0301rgio-Azevedo-1024x1024.jpg 1024w, https:\/\/dsch.pt\/wp-content\/uploads\/2024\/12\/1x1-Se\u0301rgio-Azevedo-150x150.jpg 150w, https:\/\/dsch.pt\/wp-content\/uploads\/2024\/12\/1x1-Se\u0301rgio-Azevedo-768x768.jpg 768w, https:\/\/dsch.pt\/wp-content\/uploads\/2024\/12\/1x1-Se\u0301rgio-Azevedo-1536x1536.jpg 1536w, https:\/\/dsch.pt\/wp-content\/uploads\/2024\/12\/1x1-Se\u0301rgio-Azevedo-600x600.jpg 600w\" sizes=\"(max-width: 2000px) 100vw, 2000px\" \/>\n                            <\/div>\n                    <\/div><div class=\"eael-entry-wrapper\"><header class=\"eael-entry-header\"><h2 class=\"eael-entry-title\"><a class=\"eael-grid-post-link\" href=\"https:\/\/dsch.pt\/en\/o-compositor-sergio-azevedo-e-o-vencedor-do-premio-dsch-schostakovich-ensemble-em-2024\/\" title=\"The composer S\u00e9rgio Azevedo is the winner of the DSCH \u2013 Shostakovich Ensemble Award 2024.\">The composer S\u00e9rgio Azevedo is the winner of the DSCH \u2013 Shostakovich Ensemble Award 2024.<\/a><\/h2><\/header><div class=\"eael-entry-header-after style-two\"><div class=\"eael-entry-meta\"><\/div><\/div><div class=\"eael-entry-content\">\n                                <div class=\"eael-grid-post-excerpt\"><p>The composer S\u00e9rgio Azevedo, born in Coimbra in 1968, is the winner of the DSCH \u2013 Shostakovich Ensemble Composition Prize 2024. The prize carries\u2026<\/p><\/div>\n                            <\/div><\/div><\/div>\n    <\/div>\n<\/article><article class=\"eael-grid-post  eael-post-grid-column eael-pg-post-2744 category-2024\" data-id=\"2744\">\n    <div class=\"eael-grid-post-holder\">\n        <div class=\"eael-grid-post-holder-inner\"><div class=\"eael-entry-media\"><div class=\"eael-entry-overlay fade-in\"><i class=\"fas fa-book-reader\" aria-hidden=\"true\"><\/i><a href=\"https:\/\/dsch.pt\/en\/festival-internacional-de-musica-braganca-classicfest-24\/\"><\/a><\/div><div class=\"eael-entry-thumbnail\">\n                            <img decoding=\"async\" width=\"1106\" height=\"1106\" src=\"https:\/\/dsch.pt\/wp-content\/uploads\/2024\/11\/1x1-Banner-FCF24.jpg\" class=\"attachment-full size-full wp-image-882\" alt=\"\" srcset=\"https:\/\/dsch.pt\/wp-content\/uploads\/2024\/11\/1x1-Banner-FCF24.jpg 1106w, https:\/\/dsch.pt\/wp-content\/uploads\/2024\/11\/1x1-Banner-FCF24-300x300.jpg 300w, https:\/\/dsch.pt\/wp-content\/uploads\/2024\/11\/1x1-Banner-FCF24-1024x1024.jpg 1024w, https:\/\/dsch.pt\/wp-content\/uploads\/2024\/11\/1x1-Banner-FCF24-150x150.jpg 150w, https:\/\/dsch.pt\/wp-content\/uploads\/2024\/11\/1x1-Banner-FCF24-768x768.jpg 768w, https:\/\/dsch.pt\/wp-content\/uploads\/2024\/11\/1x1-Banner-FCF24-600x600.jpg 600w\" sizes=\"(max-width: 1106px) 100vw, 1106px\" \/>\n                            <\/div>\n                    <\/div><div class=\"eael-entry-wrapper\"><header class=\"eael-entry-header\"><h2 class=\"eael-entry-title\"><a class=\"eael-grid-post-link\" href=\"https:\/\/dsch.pt\/en\/festival-internacional-de-musica-braganca-classicfest-24\/\" title=\"Festival Internacional de M\u00fasica BRAGAN\u00c7A CLASSICFEST &#8217;24\">Bragan\u00e7a ClassicFest International Music Festival \u201924<\/a><\/h2><\/header><div class=\"eael-entry-header-after style-two\"><div class=\"eael-entry-meta\"><\/div><\/div><div class=\"eael-entry-content\">\n                                <div class=\"eael-grid-post-excerpt\"><p>In this year of 2024, as we celebrate the 50th anniversary of the 25th of April, the Bragan\u00e7a ClassicFest International Music Festival continues its mission\u2026<\/p><\/div>\n                            <\/div><\/div><\/div>\n    <\/div>\n<\/article><article class=\"eael-grid-post  eael-post-grid-column eael-pg-post-2774 category-2024\" data-id=\"2774\">\n    <div class=\"eael-grid-post-holder\">\n        <div class=\"eael-grid-post-holder-inner\"><div class=\"eael-entry-media\"><div class=\"eael-entry-overlay fade-in\"><i class=\"fas fa-book-reader\" aria-hidden=\"true\"><\/i><a href=\"https:\/\/dsch.pt\/en\/festival-de-musica-dos-capuchos-24\/\"><\/a><\/div><div class=\"eael-entry-thumbnail\">\n                            <img loading=\"lazy\" decoding=\"async\" width=\"1106\" height=\"1106\" src=\"https:\/\/dsch.pt\/wp-content\/uploads\/2024\/11\/1x1-Banner-capuchos-2024.jpg\" class=\"attachment-full size-full wp-image-899\" alt=\"\" srcset=\"https:\/\/dsch.pt\/wp-content\/uploads\/2024\/11\/1x1-Banner-capuchos-2024.jpg 1106w, https:\/\/dsch.pt\/wp-content\/uploads\/2024\/11\/1x1-Banner-capuchos-2024-300x300.jpg 300w, https:\/\/dsch.pt\/wp-content\/uploads\/2024\/11\/1x1-Banner-capuchos-2024-1024x1024.jpg 1024w, https:\/\/dsch.pt\/wp-content\/uploads\/2024\/11\/1x1-Banner-capuchos-2024-150x150.jpg 150w, https:\/\/dsch.pt\/wp-content\/uploads\/2024\/11\/1x1-Banner-capuchos-2024-768x768.jpg 768w, https:\/\/dsch.pt\/wp-content\/uploads\/2024\/11\/1x1-Banner-capuchos-2024-600x600.jpg 600w\" sizes=\"(max-width: 1106px) 100vw, 1106px\" \/>\n                            <\/div>\n                    <\/div><div class=\"eael-entry-wrapper\"><header class=\"eael-entry-header\"><h2 class=\"eael-entry-title\"><a class=\"eael-grid-post-link\" href=\"https:\/\/dsch.pt\/en\/festival-de-musica-dos-capuchos-24\/\" title=\"Festival de M\u00fasica dos Capuchos &#8217;24\">Capuchos Music Festival '24<\/a><\/h2><\/header><div class=\"eael-entry-header-after style-two\"><div class=\"eael-entry-meta\"><\/div><\/div><div class=\"eael-entry-content\">\n                                <div class=\"eael-grid-post-excerpt\"><p>In 2024, the year in which we celebrate the 50th anniversary of the 25th of April, the Capuchos Music Festival is inspired by the idea(s)\u2026<\/p><\/div>\n                            <\/div><\/div><\/div>\n    <\/div>\n<\/article><article class=\"eael-grid-post  eael-post-grid-column eael-pg-post-2780 category-2024\" data-id=\"2780\">\n    <div class=\"eael-grid-post-holder\">\n        <div class=\"eael-grid-post-holder-inner\"><div class=\"eael-entry-media\"><div class=\"eael-entry-overlay fade-in\"><i class=\"fas fa-book-reader\" aria-hidden=\"true\"><\/i><a href=\"https:\/\/dsch.pt\/en\/festival-academia-verao-classico-24\/\"><\/a><\/div><div class=\"eael-entry-thumbnail\">\n                            <img loading=\"lazy\" decoding=\"async\" width=\"1052\" height=\"1052\" src=\"https:\/\/dsch.pt\/wp-content\/uploads\/2024\/11\/1x1-Banner-VC24.jpg\" class=\"attachment-full size-full wp-image-910\" alt=\"\" srcset=\"https:\/\/dsch.pt\/wp-content\/uploads\/2024\/11\/1x1-Banner-VC24.jpg 1052w, https:\/\/dsch.pt\/wp-content\/uploads\/2024\/11\/1x1-Banner-VC24-300x300.jpg 300w, https:\/\/dsch.pt\/wp-content\/uploads\/2024\/11\/1x1-Banner-VC24-1024x1024.jpg 1024w, https:\/\/dsch.pt\/wp-content\/uploads\/2024\/11\/1x1-Banner-VC24-150x150.jpg 150w, https:\/\/dsch.pt\/wp-content\/uploads\/2024\/11\/1x1-Banner-VC24-768x768.jpg 768w, https:\/\/dsch.pt\/wp-content\/uploads\/2024\/11\/1x1-Banner-VC24-600x600.jpg 600w\" sizes=\"(max-width: 1052px) 100vw, 1052px\" \/>\n                            <\/div>\n                    <\/div><div class=\"eael-entry-wrapper\"><header class=\"eael-entry-header\"><h2 class=\"eael-entry-title\"><a class=\"eael-grid-post-link\" href=\"https:\/\/dsch.pt\/en\/festival-academia-verao-classico-24\/\" title=\"Festival &#038; Academia Ver\u00e3o Cl\u00e1ssico &#8217;24\">Festival &amp; Academy Ver\u00e3o Cl\u00e1ssico \u201924<\/a><\/h2><\/header><div class=\"eael-entry-header-after style-two\"><div class=\"eael-entry-meta\"><\/div><\/div><div class=\"eael-entry-content\">\n                                <div class=\"eael-grid-post-excerpt\"><p>The VER\u00c3O CL\u00c1SSICO 2024 Festival will feature concerts and masterclasses from 22 July to 3 August in Lisbon\u2026<\/p><\/div>\n                            <\/div><\/div><\/div>\n    <\/div>\n<\/article><\/div>\n            <div class=\"clearfix\"><\/div>\n        <\/div>\t\t\t\t<\/div>\n\t\t\t\t<\/div>\n\t\t\t\t<div class=\"elementor-element elementor-element-7780f840 elementor-absolute elementor-widget elementor-widget-heading\" data-id=\"7780f840\" data-element_type=\"widget\" data-e-type=\"widget\" data-settings=\"{&quot;_position&quot;:&quot;absolute&quot;}\" data-widget_type=\"heading.default\">\n\t\t\t\t<div class=\"elementor-widget-container\">\n\t\t\t\t\t<span class=\"elementor-heading-title elementor-size-default\">News<\/span>\t\t\t\t<\/div>\n\t\t\t\t<\/div>\n\t\t\t\t\t<\/div>\n\t\t<\/div>\n\t\t\t\t\t<\/div>\n\t\t<\/section>\n\t\t\t\t<\/div>","protected":false},"excerpt":{"rendered":"<p>2024 Not\u00edcias 4\u00ba Ciclo de Concertos MUSICAL-MENTE &#8217;24\/25 O Teatro Nacional S\u00e3o Jo\u00e3o acolhe a quarta edi\u00e7\u00e3o de MUSICAL-MENTE, com curadoria de Filipe Pinto-Ribeiro, inspirada pelas rela\u00e7\u00f5es entre m\u00fasica e poesia&#8230; O compositor S\u00e9rgio Azevedo \u00e9 o vencedor do Pr\u00e9mio DSCH Schostakovich Ensemble em 2024 O compositor S\u00e9rgio Azevedo, nascido em Coimbra (1968), \u00e9 o&#8230;<\/p>","protected":false},"author":3,"featured_media":0,"parent":0,"menu_order":0,"comment_status":"closed","ping_status":"closed","template":"elementor_header_footer","meta":{"footnotes":""},"class_list":["post-2720","page","type-page","status-publish","hentry"],"aioseo_notices":[],"_links":{"self":[{"href":"https:\/\/dsch.pt\/en\/wp-json\/wp\/v2\/pages\/2720","targetHints":{"allow":["GET"]}}],"collection":[{"href":"https:\/\/dsch.pt\/en\/wp-json\/wp\/v2\/pages"}],"about":[{"href":"https:\/\/dsch.pt\/en\/wp-json\/wp\/v2\/types\/page"}],"author":[{"embeddable":true,"href":"https:\/\/dsch.pt\/en\/wp-json\/wp\/v2\/users\/3"}],"replies":[{"embeddable":true,"href":"https:\/\/dsch.pt\/en\/wp-json\/wp\/v2\/comments?post=2720"}],"version-history":[{"count":10,"href":"https:\/\/dsch.pt\/en\/wp-json\/wp\/v2\/pages\/2720\/revisions"}],"predecessor-version":[{"id":3189,"href":"https:\/\/dsch.pt\/en\/wp-json\/wp\/v2\/pages\/2720\/revisions\/3189"}],"wp:attachment":[{"href":"https:\/\/dsch.pt\/en\/wp-json\/wp\/v2\/media?parent=2720"}],"curies":[{"name":"wp","href":"https:\/\/api.w.org\/{rel}","templated":true}]}}