{"id":2793,"date":"2026-01-13T08:45:07","date_gmt":"2026-01-13T08:45:07","guid":{"rendered":"https:\/\/dsch.pt\/?page_id=2793"},"modified":"2026-01-14T11:06:05","modified_gmt":"2026-01-14T11:06:05","slug":"noticias-2023","status":"publish","type":"page","link":"https:\/\/dsch.pt\/en\/noticias-2023\/","title":{"rendered":"Not\u00edcias 2023"},"content":{"rendered":"<div data-elementor-type=\"wp-page\" data-elementor-id=\"2793\" class=\"elementor elementor-2793\">\n\t\t\t\t\t\t<section class=\"elementor-section elementor-top-section elementor-element elementor-element-3d465b18 elementor-section-stretched elementor-section-boxed elementor-section-height-default elementor-section-height-default\" data-id=\"3d465b18\" data-element_type=\"section\" data-e-type=\"section\" data-settings=\"{&quot;stretch_section&quot;:&quot;section-stretched&quot;,&quot;background_background&quot;:&quot;classic&quot;}\">\n\t\t\t\t\t\t<div class=\"elementor-container elementor-column-gap-no\">\n\t\t\t\t\t<div class=\"elementor-column elementor-col-100 elementor-top-column elementor-element elementor-element-66da67e5\" data-id=\"66da67e5\" data-element_type=\"column\" data-e-type=\"column\">\n\t\t\t<div class=\"elementor-widget-wrap elementor-element-populated\">\n\t\t\t\t\t\t<div class=\"elementor-element elementor-element-6236edbf elementor-widget elementor-widget-heading\" data-id=\"6236edbf\" data-element_type=\"widget\" data-e-type=\"widget\" data-widget_type=\"heading.default\">\n\t\t\t\t<div class=\"elementor-widget-container\">\n\t\t\t\t\t<h2 class=\"elementor-heading-title elementor-size-default\">2023<\/h2>\t\t\t\t<\/div>\n\t\t\t\t<\/div>\n\t\t\t\t<div class=\"elementor-element elementor-element-17a82bfd elementor-absolute elementor-widget elementor-widget-heading\" data-id=\"17a82bfd\" data-element_type=\"widget\" data-e-type=\"widget\" data-settings=\"{&quot;_position&quot;:&quot;absolute&quot;}\" data-widget_type=\"heading.default\">\n\t\t\t\t<div class=\"elementor-widget-container\">\n\t\t\t\t\t<span class=\"elementor-heading-title elementor-size-default\">News<\/span>\t\t\t\t<\/div>\n\t\t\t\t<\/div>\n\t\t\t\t\t<\/div>\n\t\t<\/div>\n\t\t\t\t\t<\/div>\n\t\t<\/section>\n\t\t\t\t<section class=\"elementor-section elementor-top-section elementor-element elementor-element-29b1f48a elementor-section-stretched elementor-section-boxed elementor-section-height-default elementor-section-height-default\" data-id=\"29b1f48a\" data-element_type=\"section\" data-e-type=\"section\" data-settings=\"{&quot;stretch_section&quot;:&quot;section-stretched&quot;,&quot;background_background&quot;:&quot;classic&quot;}\">\n\t\t\t\t\t\t<div class=\"elementor-container elementor-column-gap-no\">\n\t\t\t\t\t<div class=\"elementor-column elementor-col-100 elementor-top-column elementor-element elementor-element-17108c34 elementor-invisible\" data-id=\"17108c34\" data-element_type=\"column\" data-e-type=\"column\" data-settings=\"{&quot;animation&quot;:&quot;fadeInLeft&quot;}\">\n\t\t\t<div class=\"elementor-widget-wrap elementor-element-populated\">\n\t\t\t\t\t\t<div class=\"elementor-element elementor-element-2182557d elementor-grid-eael-col-3 elementor-grid-tablet-eael-col-2 elementor-grid-mobile-eael-col-1 elementor-widget elementor-widget-eael-post-grid\" data-id=\"2182557d\" data-element_type=\"widget\" data-e-type=\"widget\" data-settings=\"{&quot;eael_post_grid_columns&quot;:&quot;eael-col-3&quot;,&quot;eael_post_grid_columns_tablet&quot;:&quot;eael-col-2&quot;,&quot;eael_post_grid_columns_mobile&quot;:&quot;eael-col-1&quot;}\" data-widget_type=\"eael-post-grid.default\">\n\t\t\t\t<div class=\"elementor-widget-container\">\n\t\t\t\t\t<div id=\"eael-post-grid-2182557d\" class=\"eael-post-grid-container\">\n            <div class=\"eael-post-grid eael-post-appender eael-post-appender-2182557d eael-post-grid-style-two\" data-layout-mode=\"grid\"><article class=\"eael-grid-post  eael-post-grid-column eael-pg-post-2787 category-2023\" data-id=\"2787\">\n    <div class=\"eael-grid-post-holder\">\n        <div class=\"eael-grid-post-holder-inner\"><div class=\"eael-entry-media\"><div class=\"eael-entry-overlay fade-in\"><i class=\"fas fa-book-reader\" aria-hidden=\"true\"><\/i><a href=\"https:\/\/dsch.pt\/en\/premio-de-composicao-dsch-schostakovich-ensemble-2023-atribuido-a-andreia-pinto-correia\/\"><\/a><\/div><div class=\"eael-entry-thumbnail\">\n                            <img fetchpriority=\"high\" decoding=\"async\" width=\"1080\" height=\"1080\" src=\"https:\/\/dsch.pt\/wp-content\/uploads\/2024\/11\/1x1-Andreia-Pinto-Correia.jpg\" class=\"attachment-full size-full wp-image-1499\" alt=\"\" srcset=\"https:\/\/dsch.pt\/wp-content\/uploads\/2024\/11\/1x1-Andreia-Pinto-Correia.jpg 1080w, https:\/\/dsch.pt\/wp-content\/uploads\/2024\/11\/1x1-Andreia-Pinto-Correia-300x300.jpg 300w, https:\/\/dsch.pt\/wp-content\/uploads\/2024\/11\/1x1-Andreia-Pinto-Correia-1024x1024.jpg 1024w, https:\/\/dsch.pt\/wp-content\/uploads\/2024\/11\/1x1-Andreia-Pinto-Correia-150x150.jpg 150w, https:\/\/dsch.pt\/wp-content\/uploads\/2024\/11\/1x1-Andreia-Pinto-Correia-768x768.jpg 768w, https:\/\/dsch.pt\/wp-content\/uploads\/2024\/11\/1x1-Andreia-Pinto-Correia-600x600.jpg 600w\" sizes=\"(max-width: 1080px) 100vw, 1080px\" \/>\n                            <\/div>\n                    <\/div><div class=\"eael-entry-wrapper\"><header class=\"eael-entry-header\"><h2 class=\"eael-entry-title\"><a class=\"eael-grid-post-link\" href=\"https:\/\/dsch.pt\/en\/premio-de-composicao-dsch-schostakovich-ensemble-2023-atribuido-a-andreia-pinto-correia\/\" title=\"The DSCH \u2013 Shostakovich Ensemble Composition Award 2023 has been awarded to Andreia Pinto Correia.\">The DSCH \u2013 Shostakovich Ensemble Composition Award 2023 has been awarded to Andreia Pinto Correia.<\/a><\/h2><\/header><div class=\"eael-entry-header-after style-two\"><div class=\"eael-entry-meta\"><\/div><\/div><div class=\"eael-entry-content\">\n                                <div class=\"eael-grid-post-excerpt\"><p>The composer Andreia Pinto Correia, born in Lisbon in 1971 and currently residing in New York, is the winner of the DSCH \u2013 Shostakovich Ensemble Composition Prize 2023.<\/p><\/div>\n                            <\/div><\/div><\/div>\n    <\/div>\n<\/article><article class=\"eael-grid-post  eael-post-grid-column eael-pg-post-2798 category-2023\" data-id=\"2798\">\n    <div class=\"eael-grid-post-holder\">\n        <div class=\"eael-grid-post-holder-inner\"><div class=\"eael-entry-media\"><div class=\"eael-entry-overlay fade-in\"><i class=\"fas fa-book-reader\" aria-hidden=\"true\"><\/i><a href=\"https:\/\/dsch.pt\/en\/3o-ciclo-de-concertos-musical-mente-23-24\/\"><\/a><\/div><div class=\"eael-entry-thumbnail\">\n                            <img decoding=\"async\" width=\"1600\" height=\"1600\" src=\"https:\/\/dsch.pt\/wp-content\/uploads\/2023\/12\/noticia-musicalmente.jpg\" class=\"attachment-full size-full wp-image-716\" alt=\"\" srcset=\"https:\/\/dsch.pt\/wp-content\/uploads\/2023\/12\/noticia-musicalmente.jpg 1600w, https:\/\/dsch.pt\/wp-content\/uploads\/2023\/12\/noticia-musicalmente-300x300.jpg 300w, https:\/\/dsch.pt\/wp-content\/uploads\/2023\/12\/noticia-musicalmente-1024x1024.jpg 1024w, https:\/\/dsch.pt\/wp-content\/uploads\/2023\/12\/noticia-musicalmente-150x150.jpg 150w, https:\/\/dsch.pt\/wp-content\/uploads\/2023\/12\/noticia-musicalmente-768x768.jpg 768w, https:\/\/dsch.pt\/wp-content\/uploads\/2023\/12\/noticia-musicalmente-1536x1536.jpg 1536w, https:\/\/dsch.pt\/wp-content\/uploads\/2023\/12\/noticia-musicalmente-600x600.jpg 600w\" sizes=\"(max-width: 1600px) 100vw, 1600px\" \/>\n                            <\/div>\n                    <\/div><div class=\"eael-entry-wrapper\"><header class=\"eael-entry-header\"><h2 class=\"eael-entry-title\"><a class=\"eael-grid-post-link\" href=\"https:\/\/dsch.pt\/en\/3o-ciclo-de-concertos-musical-mente-23-24\/\" title=\"3\u00ba Ciclo de Concertos MUSICAL-MENTE  &#8217;23\/24\">3rd MUSICAL-MENTE Concert Series \u201923\/24<\/a><\/h2><\/header><div class=\"eael-entry-header-after style-two\"><div class=\"eael-entry-meta\"><\/div><\/div><div class=\"eael-entry-content\">\n                                <div class=\"eael-grid-post-excerpt\"><p>The third edition of MUSICAL-MENTE brings to the Monastery of S\u00e3o Bento da Vit\u00f3ria a monographic triptych inspired by the idea(s) of freedom\u2026<\/p><\/div>\n                            <\/div><\/div><\/div>\n    <\/div>\n<\/article><article class=\"eael-grid-post  eael-post-grid-column eael-pg-post-2810 category-2023\" data-id=\"2810\">\n    <div class=\"eael-grid-post-holder\">\n        <div class=\"eael-grid-post-holder-inner\"><div class=\"eael-entry-media\"><div class=\"eael-entry-overlay fade-in\"><i class=\"fas fa-book-reader\" aria-hidden=\"true\"><\/i><a href=\"https:\/\/dsch.pt\/en\/festival-internacional-de-musica-braganca-classicfest-23\/\"><\/a><\/div><div class=\"eael-entry-thumbnail\">\n                            <img decoding=\"async\" width=\"1600\" height=\"1600\" src=\"https:\/\/dsch.pt\/wp-content\/uploads\/2023\/12\/noticia-braganca.jpg\" class=\"attachment-full size-full wp-image-723\" alt=\"\" srcset=\"https:\/\/dsch.pt\/wp-content\/uploads\/2023\/12\/noticia-braganca.jpg 1600w, https:\/\/dsch.pt\/wp-content\/uploads\/2023\/12\/noticia-braganca-300x300.jpg 300w, https:\/\/dsch.pt\/wp-content\/uploads\/2023\/12\/noticia-braganca-1024x1024.jpg 1024w, https:\/\/dsch.pt\/wp-content\/uploads\/2023\/12\/noticia-braganca-150x150.jpg 150w, https:\/\/dsch.pt\/wp-content\/uploads\/2023\/12\/noticia-braganca-768x768.jpg 768w, https:\/\/dsch.pt\/wp-content\/uploads\/2023\/12\/noticia-braganca-1536x1536.jpg 1536w, https:\/\/dsch.pt\/wp-content\/uploads\/2023\/12\/noticia-braganca-600x600.jpg 600w\" sizes=\"(max-width: 1600px) 100vw, 1600px\" \/>\n                            <\/div>\n                    <\/div><div class=\"eael-entry-wrapper\"><header class=\"eael-entry-header\"><h2 class=\"eael-entry-title\"><a class=\"eael-grid-post-link\" href=\"https:\/\/dsch.pt\/en\/festival-internacional-de-musica-braganca-classicfest-23\/\" title=\"Festival Internacional de M\u00fasica BRAGAN\u00c7A CLASSICFEST &#8217;23\">Bragan\u00e7a ClassicFest International Music Festival \u201923<\/a><\/h2><\/header><div class=\"eael-entry-header-after style-two\"><div class=\"eael-entry-meta\"><\/div><\/div><div class=\"eael-entry-content\">\n                                <div class=\"eael-grid-post-excerpt\"><p>The 3rd Bragan\u00e7a ClassicFest International Music Festival presents a program of artistic excellence, further consolidating\u2026<\/p><\/div>\n                            <\/div><\/div><\/div>\n    <\/div>\n<\/article><article class=\"eael-grid-post  eael-post-grid-column eael-pg-post-2819 category-2023\" data-id=\"2819\">\n    <div class=\"eael-grid-post-holder\">\n        <div class=\"eael-grid-post-holder-inner\"><div class=\"eael-entry-media\"><div class=\"eael-entry-overlay fade-in\"><i class=\"fas fa-book-reader\" aria-hidden=\"true\"><\/i><a href=\"https:\/\/dsch.pt\/en\/festival-de-musica-dos-capuchos-23\/\"><\/a><\/div><div class=\"eael-entry-thumbnail\">\n                            <img loading=\"lazy\" decoding=\"async\" width=\"1500\" height=\"1500\" src=\"https:\/\/dsch.pt\/wp-content\/uploads\/2023\/12\/noticia-capuchos.jpg\" class=\"attachment-full size-full wp-image-737\" alt=\"\" srcset=\"https:\/\/dsch.pt\/wp-content\/uploads\/2023\/12\/noticia-capuchos.jpg 1500w, https:\/\/dsch.pt\/wp-content\/uploads\/2023\/12\/noticia-capuchos-300x300.jpg 300w, https:\/\/dsch.pt\/wp-content\/uploads\/2023\/12\/noticia-capuchos-1024x1024.jpg 1024w, https:\/\/dsch.pt\/wp-content\/uploads\/2023\/12\/noticia-capuchos-150x150.jpg 150w, https:\/\/dsch.pt\/wp-content\/uploads\/2023\/12\/noticia-capuchos-768x768.jpg 768w, https:\/\/dsch.pt\/wp-content\/uploads\/2023\/12\/noticia-capuchos-600x600.jpg 600w\" sizes=\"(max-width: 1500px) 100vw, 1500px\" \/>\n                            <\/div>\n                    <\/div><div class=\"eael-entry-wrapper\"><header class=\"eael-entry-header\"><h2 class=\"eael-entry-title\"><a class=\"eael-grid-post-link\" href=\"https:\/\/dsch.pt\/en\/festival-de-musica-dos-capuchos-23\/\" title=\"Festival de M\u00fasica dos Capuchos &#8217;23\">Capuchos Music Festival '23<\/a><\/h2><\/header><div class=\"eael-entry-header-after style-two\"><div class=\"eael-entry-meta\"><\/div><\/div><div class=\"eael-entry-content\">\n                                <div class=\"eael-grid-post-excerpt\"><p>The 2023 Capuchos Music Festival is inspired by the seasons of the year, creating a four-century arc that opens with\u2026<\/p><\/div>\n                            <\/div><\/div><\/div>\n    <\/div>\n<\/article><article class=\"eael-grid-post  eael-post-grid-column eael-pg-post-2825 category-2023\" data-id=\"2825\">\n    <div class=\"eael-grid-post-holder\">\n        <div class=\"eael-grid-post-holder-inner\"><div class=\"eael-entry-media\"><div class=\"eael-entry-overlay fade-in\"><i class=\"fas fa-book-reader\" aria-hidden=\"true\"><\/i><a href=\"https:\/\/dsch.pt\/en\/festival-academia-verao-classico-23\/\"><\/a><\/div><div class=\"eael-entry-thumbnail\">\n                            <img loading=\"lazy\" decoding=\"async\" width=\"1500\" height=\"1500\" src=\"https:\/\/dsch.pt\/wp-content\/uploads\/2023\/12\/noticia-verao-classico.jpg\" class=\"attachment-full size-full wp-image-739\" alt=\"\" srcset=\"https:\/\/dsch.pt\/wp-content\/uploads\/2023\/12\/noticia-verao-classico.jpg 1500w, https:\/\/dsch.pt\/wp-content\/uploads\/2023\/12\/noticia-verao-classico-300x300.jpg 300w, https:\/\/dsch.pt\/wp-content\/uploads\/2023\/12\/noticia-verao-classico-1024x1024.jpg 1024w, https:\/\/dsch.pt\/wp-content\/uploads\/2023\/12\/noticia-verao-classico-150x150.jpg 150w, https:\/\/dsch.pt\/wp-content\/uploads\/2023\/12\/noticia-verao-classico-768x768.jpg 768w, https:\/\/dsch.pt\/wp-content\/uploads\/2023\/12\/noticia-verao-classico-600x600.jpg 600w\" sizes=\"(max-width: 1500px) 100vw, 1500px\" \/>\n                            <\/div>\n                    <\/div><div class=\"eael-entry-wrapper\"><header class=\"eael-entry-header\"><h2 class=\"eael-entry-title\"><a class=\"eael-grid-post-link\" href=\"https:\/\/dsch.pt\/en\/festival-academia-verao-classico-23\/\" title=\"Festival &#038; Academia Ver\u00e3o Cl\u00e1ssico &#8217;23\">Festival &amp; Academy Ver\u00e3o Cl\u00e1ssico \u201923<\/a><\/h2><\/header><div class=\"eael-entry-header-after style-two\"><div class=\"eael-entry-meta\"><\/div><\/div><div class=\"eael-entry-content\">\n                                <div class=\"eael-grid-post-excerpt\"><p>The 9th edition of VER\u00c3O CL\u00c1SSICO will take place from 17 to 29 July 2023 in Lisbon. It will feature daily concerts\u2026<\/p><\/div>\n                            <\/div><\/div><\/div>\n    <\/div>\n<\/article><\/div>\n            <div class=\"clearfix\"><\/div>\n        <\/div>\t\t\t\t<\/div>\n\t\t\t\t<\/div>\n\t\t\t\t<div class=\"elementor-element elementor-element-7780f840 elementor-absolute elementor-widget elementor-widget-heading\" data-id=\"7780f840\" data-element_type=\"widget\" data-e-type=\"widget\" data-settings=\"{&quot;_position&quot;:&quot;absolute&quot;}\" data-widget_type=\"heading.default\">\n\t\t\t\t<div class=\"elementor-widget-container\">\n\t\t\t\t\t<span class=\"elementor-heading-title elementor-size-default\">News<\/span>\t\t\t\t<\/div>\n\t\t\t\t<\/div>\n\t\t\t\t\t<\/div>\n\t\t<\/div>\n\t\t\t\t\t<\/div>\n\t\t<\/section>\n\t\t\t\t<\/div>","protected":false},"excerpt":{"rendered":"<p>2023 Not\u00edcias Pr\u00e9mio de Composi\u00e7\u00e3o DSCH \u2013 Schostakovich Ensemble 2023 atribu\u00eddo a Andreia Pinto Correia A compositora Andreia Pinto Correia, nascida em Lisboa (1971) e atualmente residente em Nova Iorque, \u00e9 a vencedora do Pr\u00e9mio de Composi\u00e7\u00e3o DSCH \u2013 Schostakovich Ensemble em 2023. 3\u00ba Ciclo de Concertos MUSICAL-MENTE &#8217;23\/24 A terceira edi\u00e7\u00e3o de MUSICAL-MENTE traz&#8230;<\/p>","protected":false},"author":3,"featured_media":0,"parent":0,"menu_order":0,"comment_status":"closed","ping_status":"closed","template":"elementor_header_footer","meta":{"footnotes":""},"class_list":["post-2793","page","type-page","status-publish","hentry"],"aioseo_notices":[],"_links":{"self":[{"href":"https:\/\/dsch.pt\/en\/wp-json\/wp\/v2\/pages\/2793","targetHints":{"allow":["GET"]}}],"collection":[{"href":"https:\/\/dsch.pt\/en\/wp-json\/wp\/v2\/pages"}],"about":[{"href":"https:\/\/dsch.pt\/en\/wp-json\/wp\/v2\/types\/page"}],"author":[{"embeddable":true,"href":"https:\/\/dsch.pt\/en\/wp-json\/wp\/v2\/users\/3"}],"replies":[{"embeddable":true,"href":"https:\/\/dsch.pt\/en\/wp-json\/wp\/v2\/comments?post=2793"}],"version-history":[{"count":7,"href":"https:\/\/dsch.pt\/en\/wp-json\/wp\/v2\/pages\/2793\/revisions"}],"predecessor-version":[{"id":3192,"href":"https:\/\/dsch.pt\/en\/wp-json\/wp\/v2\/pages\/2793\/revisions\/3192"}],"wp:attachment":[{"href":"https:\/\/dsch.pt\/en\/wp-json\/wp\/v2\/media?parent=2793"}],"curies":[{"name":"wp","href":"https:\/\/api.w.org\/{rel}","templated":true}]}}