{"id":2831,"date":"2026-01-13T09:21:28","date_gmt":"2026-01-13T09:21:28","guid":{"rendered":"https:\/\/dsch.pt\/?page_id=2831"},"modified":"2026-01-14T11:06:35","modified_gmt":"2026-01-14T11:06:35","slug":"noticias-2022","status":"publish","type":"page","link":"https:\/\/dsch.pt\/en\/noticias-2022\/","title":{"rendered":"Not\u00edcias 2022"},"content":{"rendered":"<div data-elementor-type=\"wp-page\" data-elementor-id=\"2831\" class=\"elementor elementor-2831\">\n\t\t\t\t\t\t<section class=\"elementor-section elementor-top-section elementor-element elementor-element-3d465b18 elementor-section-stretched elementor-section-boxed elementor-section-height-default elementor-section-height-default\" data-id=\"3d465b18\" data-element_type=\"section\" data-e-type=\"section\" data-settings=\"{&quot;stretch_section&quot;:&quot;section-stretched&quot;,&quot;background_background&quot;:&quot;classic&quot;}\">\n\t\t\t\t\t\t<div class=\"elementor-container elementor-column-gap-no\">\n\t\t\t\t\t<div class=\"elementor-column elementor-col-100 elementor-top-column elementor-element elementor-element-66da67e5\" data-id=\"66da67e5\" data-element_type=\"column\" data-e-type=\"column\">\n\t\t\t<div class=\"elementor-widget-wrap elementor-element-populated\">\n\t\t\t\t\t\t<div class=\"elementor-element elementor-element-6236edbf elementor-widget elementor-widget-heading\" data-id=\"6236edbf\" data-element_type=\"widget\" data-e-type=\"widget\" data-widget_type=\"heading.default\">\n\t\t\t\t<div class=\"elementor-widget-container\">\n\t\t\t\t\t<h2 class=\"elementor-heading-title elementor-size-default\">2022<\/h2>\t\t\t\t<\/div>\n\t\t\t\t<\/div>\n\t\t\t\t<div class=\"elementor-element elementor-element-17a82bfd elementor-absolute elementor-widget elementor-widget-heading\" data-id=\"17a82bfd\" data-element_type=\"widget\" data-e-type=\"widget\" data-settings=\"{&quot;_position&quot;:&quot;absolute&quot;}\" data-widget_type=\"heading.default\">\n\t\t\t\t<div class=\"elementor-widget-container\">\n\t\t\t\t\t<span class=\"elementor-heading-title elementor-size-default\">News<\/span>\t\t\t\t<\/div>\n\t\t\t\t<\/div>\n\t\t\t\t\t<\/div>\n\t\t<\/div>\n\t\t\t\t\t<\/div>\n\t\t<\/section>\n\t\t\t\t<section class=\"elementor-section elementor-top-section elementor-element elementor-element-29b1f48a elementor-section-stretched elementor-section-boxed elementor-section-height-default elementor-section-height-default\" data-id=\"29b1f48a\" data-element_type=\"section\" data-e-type=\"section\" data-settings=\"{&quot;stretch_section&quot;:&quot;section-stretched&quot;,&quot;background_background&quot;:&quot;classic&quot;}\">\n\t\t\t\t\t\t<div class=\"elementor-container elementor-column-gap-no\">\n\t\t\t\t\t<div class=\"elementor-column elementor-col-100 elementor-top-column elementor-element elementor-element-17108c34 elementor-invisible\" data-id=\"17108c34\" data-element_type=\"column\" data-e-type=\"column\" data-settings=\"{&quot;animation&quot;:&quot;fadeInLeft&quot;}\">\n\t\t\t<div class=\"elementor-widget-wrap elementor-element-populated\">\n\t\t\t\t\t\t<div class=\"elementor-element elementor-element-2182557d elementor-grid-eael-col-3 elementor-grid-tablet-eael-col-2 elementor-grid-mobile-eael-col-1 elementor-widget elementor-widget-eael-post-grid\" data-id=\"2182557d\" data-element_type=\"widget\" data-e-type=\"widget\" data-settings=\"{&quot;eael_post_grid_columns&quot;:&quot;eael-col-3&quot;,&quot;eael_post_grid_columns_tablet&quot;:&quot;eael-col-2&quot;,&quot;eael_post_grid_columns_mobile&quot;:&quot;eael-col-1&quot;}\" data-widget_type=\"eael-post-grid.default\">\n\t\t\t\t<div class=\"elementor-widget-container\">\n\t\t\t\t\t<div id=\"eael-post-grid-2182557d\" class=\"eael-post-grid-container\">\n            <div class=\"eael-post-grid eael-post-appender eael-post-appender-2182557d eael-post-grid-style-two\" data-layout-mode=\"grid\"><article class=\"eael-grid-post  eael-post-grid-column eael-pg-post-2842 category-2022\" data-id=\"2842\">\n    <div class=\"eael-grid-post-holder\">\n        <div class=\"eael-grid-post-holder-inner\"><div class=\"eael-entry-media\"><div class=\"eael-entry-overlay fade-in\"><i class=\"fas fa-book-reader\" aria-hidden=\"true\"><\/i><a href=\"https:\/\/dsch.pt\/en\/verao-classico-on-tour-22\/\"><\/a><\/div><div class=\"eael-entry-thumbnail\">\n                            <img fetchpriority=\"high\" decoding=\"async\" width=\"1052\" height=\"1052\" src=\"https:\/\/dsch.pt\/wp-content\/uploads\/2024\/11\/1x1-Banner-VC22.jpg\" class=\"attachment-full size-full wp-image-968\" alt=\"\" srcset=\"https:\/\/dsch.pt\/wp-content\/uploads\/2024\/11\/1x1-Banner-VC22.jpg 1052w, https:\/\/dsch.pt\/wp-content\/uploads\/2024\/11\/1x1-Banner-VC22-300x300.jpg 300w, https:\/\/dsch.pt\/wp-content\/uploads\/2024\/11\/1x1-Banner-VC22-1024x1024.jpg 1024w, https:\/\/dsch.pt\/wp-content\/uploads\/2024\/11\/1x1-Banner-VC22-150x150.jpg 150w, https:\/\/dsch.pt\/wp-content\/uploads\/2024\/11\/1x1-Banner-VC22-768x768.jpg 768w, https:\/\/dsch.pt\/wp-content\/uploads\/2024\/11\/1x1-Banner-VC22-600x600.jpg 600w\" sizes=\"(max-width: 1052px) 100vw, 1052px\" \/>\n                            <\/div>\n                    <\/div><div class=\"eael-entry-wrapper\"><header class=\"eael-entry-header\"><h2 class=\"eael-entry-title\"><a class=\"eael-grid-post-link\" href=\"https:\/\/dsch.pt\/en\/verao-classico-on-tour-22\/\" title=\"Ver\u00e3o Cl\u00e1ssico on tour &#8217;22\">Ver\u00e3o Cl\u00e1ssico on tour &#8217;22<\/a><\/h2><\/header><div class=\"eael-entry-header-after style-two\"><div class=\"eael-entry-meta\"><\/div><\/div><div class=\"eael-entry-content\">\n                                <div class=\"eael-grid-post-excerpt\"><p>VER\u00c3O CL\u00c1SSICO on Tour is an initiative aimed at bringing the musical excellence of the VER\u00c3O CL\u00c1SSICO Festival and Academy, which takes place\u2026<\/p><\/div>\n                            <\/div><\/div><\/div>\n    <\/div>\n<\/article><article class=\"eael-grid-post  eael-post-grid-column eael-pg-post-2836 category-2022\" data-id=\"2836\">\n    <div class=\"eael-grid-post-holder\">\n        <div class=\"eael-grid-post-holder-inner\"><div class=\"eael-entry-media\"><div class=\"eael-entry-overlay fade-in\"><i class=\"fas fa-book-reader\" aria-hidden=\"true\"><\/i><a href=\"https:\/\/dsch.pt\/en\/2o-ciclo-de-concertos-musical-mente-22-23\/\"><\/a><\/div><div class=\"eael-entry-thumbnail\">\n                            <img decoding=\"async\" width=\"1052\" height=\"1052\" src=\"https:\/\/dsch.pt\/wp-content\/uploads\/2024\/11\/1x1-Banner-Mus-22.jpg\" class=\"attachment-full size-full wp-image-953\" alt=\"\" srcset=\"https:\/\/dsch.pt\/wp-content\/uploads\/2024\/11\/1x1-Banner-Mus-22.jpg 1052w, https:\/\/dsch.pt\/wp-content\/uploads\/2024\/11\/1x1-Banner-Mus-22-300x300.jpg 300w, https:\/\/dsch.pt\/wp-content\/uploads\/2024\/11\/1x1-Banner-Mus-22-1024x1024.jpg 1024w, https:\/\/dsch.pt\/wp-content\/uploads\/2024\/11\/1x1-Banner-Mus-22-150x150.jpg 150w, https:\/\/dsch.pt\/wp-content\/uploads\/2024\/11\/1x1-Banner-Mus-22-768x768.jpg 768w, https:\/\/dsch.pt\/wp-content\/uploads\/2024\/11\/1x1-Banner-Mus-22-600x600.jpg 600w\" sizes=\"(max-width: 1052px) 100vw, 1052px\" \/>\n                            <\/div>\n                    <\/div><div class=\"eael-entry-wrapper\"><header class=\"eael-entry-header\"><h2 class=\"eael-entry-title\"><a class=\"eael-grid-post-link\" href=\"https:\/\/dsch.pt\/en\/2o-ciclo-de-concertos-musical-mente-22-23\/\" title=\"2\u00ba Ciclo de Concertos MUSICAL-MENTE  &#8217;22\/23\">2nd MUSICAL-MENTE Concert Series \u201922\/23<\/a><\/h2><\/header><div class=\"eael-entry-header-after style-two\"><div class=\"eael-entry-meta\"><\/div><\/div><div class=\"eael-entry-content\">\n                                <div class=\"eael-grid-post-excerpt\"><p>After the success of its first edition, chamber music returns to the Monastery of S\u00e3o Bento da Vit\u00f3ria for a second installment of the MUSIC4L-MENTE series\u2026<\/p><\/div>\n                            <\/div><\/div><\/div>\n    <\/div>\n<\/article><article class=\"eael-grid-post  eael-post-grid-column eael-pg-post-2848 category-2022\" data-id=\"2848\">\n    <div class=\"eael-grid-post-holder\">\n        <div class=\"eael-grid-post-holder-inner\"><div class=\"eael-entry-media\"><div class=\"eael-entry-overlay fade-in\"><i class=\"fas fa-book-reader\" aria-hidden=\"true\"><\/i><a href=\"https:\/\/dsch.pt\/en\/pinto-ribeiro-liebeck-e-zlotnikov-apresentam-schubertiada-do-dsch-schostakovich-ensemble-no-centro-cultural-de-belem\/\"><\/a><\/div><div class=\"eael-entry-thumbnail\">\n                            <img decoding=\"async\" width=\"1052\" height=\"1052\" src=\"https:\/\/dsch.pt\/wp-content\/uploads\/2024\/11\/1x1-Banner-MUS22.jpg\" class=\"attachment-full size-full wp-image-979\" alt=\"\" srcset=\"https:\/\/dsch.pt\/wp-content\/uploads\/2024\/11\/1x1-Banner-MUS22.jpg 1052w, https:\/\/dsch.pt\/wp-content\/uploads\/2024\/11\/1x1-Banner-MUS22-300x300.jpg 300w, https:\/\/dsch.pt\/wp-content\/uploads\/2024\/11\/1x1-Banner-MUS22-1024x1024.jpg 1024w, https:\/\/dsch.pt\/wp-content\/uploads\/2024\/11\/1x1-Banner-MUS22-150x150.jpg 150w, https:\/\/dsch.pt\/wp-content\/uploads\/2024\/11\/1x1-Banner-MUS22-768x768.jpg 768w, https:\/\/dsch.pt\/wp-content\/uploads\/2024\/11\/1x1-Banner-MUS22-600x600.jpg 600w\" sizes=\"(max-width: 1052px) 100vw, 1052px\" \/>\n                            <\/div>\n                    <\/div><div class=\"eael-entry-wrapper\"><header class=\"eael-entry-header\"><h2 class=\"eael-entry-title\"><a class=\"eael-grid-post-link\" href=\"https:\/\/dsch.pt\/en\/pinto-ribeiro-liebeck-e-zlotnikov-apresentam-schubertiada-do-dsch-schostakovich-ensemble-no-centro-cultural-de-belem\/\" title=\"Pinto-Ribeiro, Liebeck, and Zlotnikov present Schubert\u00edada of the DSCH \u2013 Shostakovich Ensemble at the Centro Cultural de Bel\u00e9m.\">Pinto-Ribeiro, Liebeck, and Zlotnikov present Schubert\u00edada of the DSCH \u2013 Shostakovich Ensemble at the Centro Cultural de Bel\u00e9m.<\/a><\/h2><\/header><div class=\"eael-entry-header-after style-two\"><div class=\"eael-entry-meta\"><\/div><\/div><div class=\"eael-entry-content\">\n                                <div class=\"eael-grid-post-excerpt\"><p>On 6 November 2022, at the Centro Cultural de Bel\u00e9m, the acclaimed DSCH \u2013 Shostakovich Ensemble presents a concert\u2026<\/p><\/div>\n                            <\/div><\/div><\/div>\n    <\/div>\n<\/article><article class=\"eael-grid-post  eael-post-grid-column eael-pg-post-2868 category-2022\" data-id=\"2868\">\n    <div class=\"eael-grid-post-holder\">\n        <div class=\"eael-grid-post-holder-inner\"><div class=\"eael-entry-media\"><div class=\"eael-entry-overlay fade-in\"><i class=\"fas fa-book-reader\" aria-hidden=\"true\"><\/i><a href=\"https:\/\/dsch.pt\/en\/festival-internacional-de-musica-braganca-classicfest-22\/\"><\/a><\/div><div class=\"eael-entry-thumbnail\">\n                            <img loading=\"lazy\" decoding=\"async\" width=\"1052\" height=\"1052\" src=\"https:\/\/dsch.pt\/wp-content\/uploads\/2024\/11\/1x1-Banner-BCF22.jpg\" class=\"attachment-full size-full wp-image-986\" alt=\"\" srcset=\"https:\/\/dsch.pt\/wp-content\/uploads\/2024\/11\/1x1-Banner-BCF22.jpg 1052w, https:\/\/dsch.pt\/wp-content\/uploads\/2024\/11\/1x1-Banner-BCF22-300x300.jpg 300w, https:\/\/dsch.pt\/wp-content\/uploads\/2024\/11\/1x1-Banner-BCF22-1024x1024.jpg 1024w, https:\/\/dsch.pt\/wp-content\/uploads\/2024\/11\/1x1-Banner-BCF22-150x150.jpg 150w, https:\/\/dsch.pt\/wp-content\/uploads\/2024\/11\/1x1-Banner-BCF22-768x768.jpg 768w, https:\/\/dsch.pt\/wp-content\/uploads\/2024\/11\/1x1-Banner-BCF22-600x600.jpg 600w\" sizes=\"(max-width: 1052px) 100vw, 1052px\" \/>\n                            <\/div>\n                    <\/div><div class=\"eael-entry-wrapper\"><header class=\"eael-entry-header\"><h2 class=\"eael-entry-title\"><a class=\"eael-grid-post-link\" href=\"https:\/\/dsch.pt\/en\/festival-internacional-de-musica-braganca-classicfest-22\/\" title=\"Festival Internacional de M\u00fasica BRAGAN\u00c7A CLASSICFEST &#8217;22\">BRAGAN\u00c7A CLASSICFEST International Music Festival '22<\/a><\/h2><\/header><div class=\"eael-entry-header-after style-two\"><div class=\"eael-entry-meta\"><\/div><\/div><div class=\"eael-entry-content\">\n                                <div class=\"eael-grid-post-excerpt\"><p>Welcome to the 2nd edition of the Bragan\u00e7a ClassicFest International Music Festival! The festival, which has quickly gained international recognition, was born in Bragan\u00e7a in 2021\u2026<\/p><\/div>\n                            <\/div><\/div><\/div>\n    <\/div>\n<\/article><article class=\"eael-grid-post  eael-post-grid-column eael-pg-post-2874 category-2022\" data-id=\"2874\">\n    <div class=\"eael-grid-post-holder\">\n        <div class=\"eael-grid-post-holder-inner\"><div class=\"eael-entry-media\"><div class=\"eael-entry-overlay fade-in\"><i class=\"fas fa-book-reader\" aria-hidden=\"true\"><\/i><a href=\"https:\/\/dsch.pt\/en\/festival-de-musica-dos-capuchos-22\/\"><\/a><\/div><div class=\"eael-entry-thumbnail\">\n                            <img loading=\"lazy\" decoding=\"async\" width=\"1052\" height=\"1052\" src=\"https:\/\/dsch.pt\/wp-content\/uploads\/2024\/11\/1x1-Banner-FMC22.jpg\" class=\"attachment-full size-full wp-image-999\" alt=\"\" srcset=\"https:\/\/dsch.pt\/wp-content\/uploads\/2024\/11\/1x1-Banner-FMC22.jpg 1052w, https:\/\/dsch.pt\/wp-content\/uploads\/2024\/11\/1x1-Banner-FMC22-300x300.jpg 300w, https:\/\/dsch.pt\/wp-content\/uploads\/2024\/11\/1x1-Banner-FMC22-1024x1024.jpg 1024w, https:\/\/dsch.pt\/wp-content\/uploads\/2024\/11\/1x1-Banner-FMC22-150x150.jpg 150w, https:\/\/dsch.pt\/wp-content\/uploads\/2024\/11\/1x1-Banner-FMC22-768x768.jpg 768w, https:\/\/dsch.pt\/wp-content\/uploads\/2024\/11\/1x1-Banner-FMC22-600x600.jpg 600w\" sizes=\"(max-width: 1052px) 100vw, 1052px\" \/>\n                            <\/div>\n                    <\/div><div class=\"eael-entry-wrapper\"><header class=\"eael-entry-header\"><h2 class=\"eael-entry-title\"><a class=\"eael-grid-post-link\" href=\"https:\/\/dsch.pt\/en\/festival-de-musica-dos-capuchos-22\/\" title=\"Festival de M\u00fasica dos Capuchos &#8217;22\">Capuchos Music Festival '22<\/a><\/h2><\/header><div class=\"eael-entry-header-after style-two\"><div class=\"eael-entry-meta\"><\/div><\/div><div class=\"eael-entry-content\">\n                                <div class=\"eael-grid-post-excerpt\"><p>Welcome to the 2022 edition of the Capuchos Music Festival! After a two-decade hiatus, the Capuchos Music Festival was \u201creborn\u201d in 2021\u2026<\/p><\/div>\n                            <\/div><\/div><\/div>\n    <\/div>\n<\/article><article class=\"eael-grid-post  eael-post-grid-column eael-pg-post-2881 category-2022\" data-id=\"2881\">\n    <div class=\"eael-grid-post-holder\">\n        <div class=\"eael-grid-post-holder-inner\"><div class=\"eael-entry-media\"><div class=\"eael-entry-overlay fade-in\"><i class=\"fas fa-book-reader\" aria-hidden=\"true\"><\/i><a href=\"https:\/\/dsch.pt\/en\/festival-academia-verao-classico-22\/\"><\/a><\/div><div class=\"eael-entry-thumbnail\">\n                            <img loading=\"lazy\" decoding=\"async\" width=\"1080\" height=\"1080\" src=\"https:\/\/dsch.pt\/wp-content\/uploads\/2024\/11\/Banner-VC22.jpeg\" class=\"attachment-full size-full wp-image-1005\" alt=\"\" srcset=\"https:\/\/dsch.pt\/wp-content\/uploads\/2024\/11\/Banner-VC22.jpeg 1080w, https:\/\/dsch.pt\/wp-content\/uploads\/2024\/11\/Banner-VC22-300x300.jpeg 300w, https:\/\/dsch.pt\/wp-content\/uploads\/2024\/11\/Banner-VC22-1024x1024.jpeg 1024w, https:\/\/dsch.pt\/wp-content\/uploads\/2024\/11\/Banner-VC22-150x150.jpeg 150w, https:\/\/dsch.pt\/wp-content\/uploads\/2024\/11\/Banner-VC22-768x768.jpeg 768w, https:\/\/dsch.pt\/wp-content\/uploads\/2024\/11\/Banner-VC22-600x600.jpeg 600w\" sizes=\"(max-width: 1080px) 100vw, 1080px\" \/>\n                            <\/div>\n                    <\/div><div class=\"eael-entry-wrapper\"><header class=\"eael-entry-header\"><h2 class=\"eael-entry-title\"><a class=\"eael-grid-post-link\" href=\"https:\/\/dsch.pt\/en\/festival-academia-verao-classico-22\/\" title=\"Festival &amp; Academia Ver\u00e3o Cl\u00e1ssico &#8217;22\">Festival &amp; Academy Ver\u00e3o Cl\u00e1ssico \u201922<\/a><\/h2><\/header><div class=\"eael-entry-header-after style-two\"><div class=\"eael-entry-meta\"><\/div><\/div><div class=\"eael-entry-content\">\n                                <div class=\"eael-grid-post-excerpt\"><p>The 8th edition of the VER\u00c3O CL\u00c1SSICO Festival and Academy will take place from 1 to 13 August 2022 in Lisbon. It will feature\u2026<\/p><\/div>\n                            <\/div><\/div><\/div>\n    <\/div>\n<\/article><\/div>\n            <div class=\"clearfix\"><\/div>\n        <\/div>\t\t\t\t<\/div>\n\t\t\t\t<\/div>\n\t\t\t\t<div class=\"elementor-element elementor-element-7780f840 elementor-absolute elementor-widget elementor-widget-heading\" data-id=\"7780f840\" data-element_type=\"widget\" data-e-type=\"widget\" data-settings=\"{&quot;_position&quot;:&quot;absolute&quot;}\" data-widget_type=\"heading.default\">\n\t\t\t\t<div class=\"elementor-widget-container\">\n\t\t\t\t\t<span class=\"elementor-heading-title elementor-size-default\">News<\/span>\t\t\t\t<\/div>\n\t\t\t\t<\/div>\n\t\t\t\t\t<\/div>\n\t\t<\/div>\n\t\t\t\t\t<\/div>\n\t\t<\/section>\n\t\t\t\t<\/div>","protected":false},"excerpt":{"rendered":"<p>2022 Not\u00edcias Ver\u00e3o Cl\u00e1ssico on tour &#8217;22 O VER\u00c3O CL\u00c1SSICO on tour \u00e9 uma iniciativa que tem como objetivo levar a excel\u00eancia musical do Festival e Academia VER\u00c3O CL\u00c1SSICO, que tem lugar&#8230; 2\u00ba Ciclo de Concertos MUSICAL-MENTE &#8217;22\/23 Depois do sucesso da primeira edi\u00e7\u00e3o, a m\u00fasica de c\u00e2mara est\u00e1 de volta ao Mosteiro de S\u00e3o&#8230;<\/p>","protected":false},"author":3,"featured_media":0,"parent":0,"menu_order":0,"comment_status":"closed","ping_status":"closed","template":"elementor_header_footer","meta":{"footnotes":""},"class_list":["post-2831","page","type-page","status-publish","hentry"],"aioseo_notices":[],"_links":{"self":[{"href":"https:\/\/dsch.pt\/en\/wp-json\/wp\/v2\/pages\/2831","targetHints":{"allow":["GET"]}}],"collection":[{"href":"https:\/\/dsch.pt\/en\/wp-json\/wp\/v2\/pages"}],"about":[{"href":"https:\/\/dsch.pt\/en\/wp-json\/wp\/v2\/types\/page"}],"author":[{"embeddable":true,"href":"https:\/\/dsch.pt\/en\/wp-json\/wp\/v2\/users\/3"}],"replies":[{"embeddable":true,"href":"https:\/\/dsch.pt\/en\/wp-json\/wp\/v2\/comments?post=2831"}],"version-history":[{"count":7,"href":"https:\/\/dsch.pt\/en\/wp-json\/wp\/v2\/pages\/2831\/revisions"}],"predecessor-version":[{"id":3195,"href":"https:\/\/dsch.pt\/en\/wp-json\/wp\/v2\/pages\/2831\/revisions\/3195"}],"wp:attachment":[{"href":"https:\/\/dsch.pt\/en\/wp-json\/wp\/v2\/media?parent=2831"}],"curies":[{"name":"wp","href":"https:\/\/api.w.org\/{rel}","templated":true}]}}