{"id":3569,"date":"2026-04-14T08:02:12","date_gmt":"2026-04-14T08:02:12","guid":{"rendered":"https:\/\/dsch.pt\/?page_id=3569"},"modified":"2026-04-14T08:03:09","modified_gmt":"2026-04-14T08:03:09","slug":"noticias-2026","status":"publish","type":"page","link":"https:\/\/dsch.pt\/en\/noticias-2026\/","title":{"rendered":"Not\u00edcias 2026"},"content":{"rendered":"<div data-elementor-type=\"wp-page\" data-elementor-id=\"3569\" class=\"elementor elementor-3569\">\n\t\t\t\t\t\t<section class=\"elementor-section elementor-top-section elementor-element elementor-element-3d465b18 elementor-section-stretched elementor-section-boxed elementor-section-height-default elementor-section-height-default\" data-id=\"3d465b18\" data-element_type=\"section\" data-e-type=\"section\" data-settings=\"{&quot;stretch_section&quot;:&quot;section-stretched&quot;,&quot;background_background&quot;:&quot;classic&quot;}\">\n\t\t\t\t\t\t<div class=\"elementor-container elementor-column-gap-no\">\n\t\t\t\t\t<div class=\"elementor-column elementor-col-100 elementor-top-column elementor-element elementor-element-66da67e5\" data-id=\"66da67e5\" data-element_type=\"column\" data-e-type=\"column\">\n\t\t\t<div class=\"elementor-widget-wrap elementor-element-populated\">\n\t\t\t\t\t\t<div class=\"elementor-element elementor-element-6236edbf elementor-widget elementor-widget-heading\" data-id=\"6236edbf\" data-element_type=\"widget\" data-e-type=\"widget\" data-widget_type=\"heading.default\">\n\t\t\t\t<div class=\"elementor-widget-container\">\n\t\t\t\t\t<h2 class=\"elementor-heading-title elementor-size-default\">2026<\/h2>\t\t\t\t<\/div>\n\t\t\t\t<\/div>\n\t\t\t\t<div class=\"elementor-element elementor-element-17a82bfd elementor-absolute elementor-widget elementor-widget-heading\" data-id=\"17a82bfd\" data-element_type=\"widget\" data-e-type=\"widget\" data-settings=\"{&quot;_position&quot;:&quot;absolute&quot;}\" data-widget_type=\"heading.default\">\n\t\t\t\t<div class=\"elementor-widget-container\">\n\t\t\t\t\t<span class=\"elementor-heading-title elementor-size-default\">News<\/span>\t\t\t\t<\/div>\n\t\t\t\t<\/div>\n\t\t\t\t\t<\/div>\n\t\t<\/div>\n\t\t\t\t\t<\/div>\n\t\t<\/section>\n\t\t\t\t<section class=\"elementor-section elementor-top-section elementor-element elementor-element-29b1f48a elementor-section-stretched elementor-section-boxed elementor-section-height-default elementor-section-height-default\" data-id=\"29b1f48a\" data-element_type=\"section\" data-e-type=\"section\" data-settings=\"{&quot;stretch_section&quot;:&quot;section-stretched&quot;,&quot;background_background&quot;:&quot;classic&quot;}\">\n\t\t\t\t\t\t<div class=\"elementor-container elementor-column-gap-no\">\n\t\t\t\t\t<div class=\"elementor-column elementor-col-100 elementor-top-column elementor-element elementor-element-17108c34 elementor-invisible\" data-id=\"17108c34\" data-element_type=\"column\" data-e-type=\"column\" data-settings=\"{&quot;animation&quot;:&quot;fadeInLeft&quot;}\">\n\t\t\t<div class=\"elementor-widget-wrap elementor-element-populated\">\n\t\t\t\t\t\t<div class=\"elementor-element elementor-element-2182557d elementor-grid-eael-col-3 elementor-grid-tablet-eael-col-2 elementor-grid-mobile-eael-col-1 elementor-widget elementor-widget-eael-post-grid\" data-id=\"2182557d\" data-element_type=\"widget\" data-e-type=\"widget\" data-settings=\"{&quot;eael_post_grid_columns&quot;:&quot;eael-col-3&quot;,&quot;eael_post_grid_columns_tablet&quot;:&quot;eael-col-2&quot;,&quot;eael_post_grid_columns_mobile&quot;:&quot;eael-col-1&quot;}\" data-widget_type=\"eael-post-grid.default\">\n\t\t\t\t<div class=\"elementor-widget-container\">\n\t\t\t\t\t<div id=\"eael-post-grid-2182557d\" class=\"eael-post-grid-container\">\n            <div class=\"eael-post-grid eael-post-appender eael-post-appender-2182557d eael-post-grid-style-two\" data-layout-mode=\"grid\"><article class=\"eael-grid-post  eael-post-grid-column eael-pg-post-3600 category-news2026\" data-id=\"3600\">\n    <div class=\"eael-grid-post-holder\">\n        <div class=\"eael-grid-post-holder-inner\"><div class=\"eael-entry-media\"><div class=\"eael-entry-overlay fade-in\"><i class=\"fas fa-book-reader\" aria-hidden=\"true\"><\/i><a href=\"https:\/\/dsch.pt\/en\/5o-ciclo-de-concertos-musical-mente-25-26\/\"><\/a><\/div><div class=\"eael-entry-thumbnail\">\n                            <img fetchpriority=\"high\" decoding=\"async\" width=\"1365\" height=\"1365\" src=\"https:\/\/dsch.pt\/wp-content\/uploads\/2026\/04\/musical-mente693.jpg\" class=\"attachment-full size-full wp-image-3593\" alt=\"\" srcset=\"https:\/\/dsch.pt\/wp-content\/uploads\/2026\/04\/musical-mente693.jpg 1365w, https:\/\/dsch.pt\/wp-content\/uploads\/2026\/04\/musical-mente693-300x300.jpg 300w, https:\/\/dsch.pt\/wp-content\/uploads\/2026\/04\/musical-mente693-1024x1024.jpg 1024w, https:\/\/dsch.pt\/wp-content\/uploads\/2026\/04\/musical-mente693-150x150.jpg 150w, https:\/\/dsch.pt\/wp-content\/uploads\/2026\/04\/musical-mente693-768x768.jpg 768w, https:\/\/dsch.pt\/wp-content\/uploads\/2026\/04\/musical-mente693-12x12.jpg 12w, https:\/\/dsch.pt\/wp-content\/uploads\/2026\/04\/musical-mente693-100x100.jpg 100w, https:\/\/dsch.pt\/wp-content\/uploads\/2026\/04\/musical-mente693-200x200.jpg 200w, https:\/\/dsch.pt\/wp-content\/uploads\/2026\/04\/musical-mente693-400x400.jpg 400w, https:\/\/dsch.pt\/wp-content\/uploads\/2026\/04\/musical-mente693-500x500.jpg 500w\" sizes=\"(max-width: 1365px) 100vw, 1365px\" \/>\n                            <\/div>\n                    <\/div><div class=\"eael-entry-wrapper\"><header class=\"eael-entry-header\"><h2 class=\"eael-entry-title\"><a class=\"eael-grid-post-link\" href=\"https:\/\/dsch.pt\/en\/5o-ciclo-de-concertos-musical-mente-25-26\/\" title=\"5\u00ba Ciclo de Concertos MUSICAL-MENTE  &#8217;25\/26\">5th MUSICAL-MENTE Concert Series \u201925\/26<\/a><\/h2><\/header><div class=\"eael-entry-header-after style-two\"><div class=\"eael-entry-meta\"><\/div><\/div><div class=\"eael-entry-content\">\n                                <div class=\"eael-grid-post-excerpt\"><p>Humor runs richly through this fifth edition of MUSICAL-MENTE. It flows freely\u2014whether overt or subtle\u2014through Chamber Moods, the second part of the cycle...<\/p><\/div>\n                            <\/div><\/div><\/div>\n    <\/div>\n<\/article><article class=\"eael-grid-post  eael-post-grid-column eael-pg-post-3563 category-news2026\" data-id=\"3563\">\n    <div class=\"eael-grid-post-holder\">\n        <div class=\"eael-grid-post-holder-inner\"><div class=\"eael-entry-media\"><div class=\"eael-entry-overlay fade-in\"><i class=\"fas fa-book-reader\" aria-hidden=\"true\"><\/i><a href=\"https:\/\/dsch.pt\/en\/festival-de-musica-dos-capuchos-26\/\"><\/a><\/div><div class=\"eael-entry-thumbnail\">\n                            <img decoding=\"async\" width=\"1000\" height=\"999\" src=\"https:\/\/dsch.pt\/wp-content\/uploads\/2026\/04\/CAPUCHOS-2026_COMUNIDADE-CULTURA-E-ARTE-1000-X-1000.jpg\" class=\"attachment-full size-full wp-image-3568\" alt=\"\" srcset=\"https:\/\/dsch.pt\/wp-content\/uploads\/2026\/04\/CAPUCHOS-2026_COMUNIDADE-CULTURA-E-ARTE-1000-X-1000.jpg 1000w, https:\/\/dsch.pt\/wp-content\/uploads\/2026\/04\/CAPUCHOS-2026_COMUNIDADE-CULTURA-E-ARTE-1000-X-1000-300x300.jpg 300w, https:\/\/dsch.pt\/wp-content\/uploads\/2026\/04\/CAPUCHOS-2026_COMUNIDADE-CULTURA-E-ARTE-1000-X-1000-150x150.jpg 150w, https:\/\/dsch.pt\/wp-content\/uploads\/2026\/04\/CAPUCHOS-2026_COMUNIDADE-CULTURA-E-ARTE-1000-X-1000-768x767.jpg 768w, https:\/\/dsch.pt\/wp-content\/uploads\/2026\/04\/CAPUCHOS-2026_COMUNIDADE-CULTURA-E-ARTE-1000-X-1000-12x12.jpg 12w, https:\/\/dsch.pt\/wp-content\/uploads\/2026\/04\/CAPUCHOS-2026_COMUNIDADE-CULTURA-E-ARTE-1000-X-1000-100x100.jpg 100w, https:\/\/dsch.pt\/wp-content\/uploads\/2026\/04\/CAPUCHOS-2026_COMUNIDADE-CULTURA-E-ARTE-1000-X-1000-200x200.jpg 200w, https:\/\/dsch.pt\/wp-content\/uploads\/2026\/04\/CAPUCHOS-2026_COMUNIDADE-CULTURA-E-ARTE-1000-X-1000-400x400.jpg 400w, https:\/\/dsch.pt\/wp-content\/uploads\/2026\/04\/CAPUCHOS-2026_COMUNIDADE-CULTURA-E-ARTE-1000-X-1000-500x500.jpg 500w\" sizes=\"(max-width: 1000px) 100vw, 1000px\" \/>\n                            <\/div>\n                    <\/div><div class=\"eael-entry-wrapper\"><header class=\"eael-entry-header\"><h2 class=\"eael-entry-title\"><a class=\"eael-grid-post-link\" href=\"https:\/\/dsch.pt\/en\/festival-de-musica-dos-capuchos-26\/\" title=\"Festival de M\u00fasica dos Capuchos &#8217;26\">Capuchos Music Festival '26<\/a><\/h2><\/header><div class=\"eael-entry-header-after style-two\"><div class=\"eael-entry-meta\"><\/div><\/div><div class=\"eael-entry-content\">\n                                <div class=\"eael-grid-post-excerpt\"><p>Under the theme \u201cLoves &amp; Humors,\u201d the Capuchos Festival 2026 draws inspiration from the duality and complementarity of love\u2014in its many forms\u2026<\/p><\/div>\n                            <\/div><\/div><\/div>\n    <\/div>\n<\/article><\/div>\n            <div class=\"clearfix\"><\/div>\n        <\/div>\t\t\t\t<\/div>\n\t\t\t\t<\/div>\n\t\t\t\t<div class=\"elementor-element elementor-element-7780f840 elementor-absolute elementor-widget elementor-widget-heading\" data-id=\"7780f840\" data-element_type=\"widget\" data-e-type=\"widget\" data-settings=\"{&quot;_position&quot;:&quot;absolute&quot;}\" data-widget_type=\"heading.default\">\n\t\t\t\t<div class=\"elementor-widget-container\">\n\t\t\t\t\t<span class=\"elementor-heading-title elementor-size-default\">News<\/span>\t\t\t\t<\/div>\n\t\t\t\t<\/div>\n\t\t\t\t\t<\/div>\n\t\t<\/div>\n\t\t\t\t\t<\/div>\n\t\t<\/section>\n\t\t\t\t<\/div>","protected":false},"excerpt":{"rendered":"<p>2026 Not\u00edcias Festival de M\u00fasica dos Capuchos &#8217;26 Bem-vindos ao Festival dos Capuchos 2025! Na sua quinta edi\u00e7\u00e3o consecutiva, ap\u00f3s o ressurgimento em 2021, o Festival dos Capuchos apresenta o tema Entre Mundos&#8230; Not\u00edcias<\/p>","protected":false},"author":3,"featured_media":0,"parent":0,"menu_order":0,"comment_status":"closed","ping_status":"closed","template":"elementor_header_footer","meta":{"footnotes":""},"class_list":["post-3569","page","type-page","status-publish","hentry"],"aioseo_notices":[],"_links":{"self":[{"href":"https:\/\/dsch.pt\/en\/wp-json\/wp\/v2\/pages\/3569","targetHints":{"allow":["GET"]}}],"collection":[{"href":"https:\/\/dsch.pt\/en\/wp-json\/wp\/v2\/pages"}],"about":[{"href":"https:\/\/dsch.pt\/en\/wp-json\/wp\/v2\/types\/page"}],"author":[{"embeddable":true,"href":"https:\/\/dsch.pt\/en\/wp-json\/wp\/v2\/users\/3"}],"replies":[{"embeddable":true,"href":"https:\/\/dsch.pt\/en\/wp-json\/wp\/v2\/comments?post=3569"}],"version-history":[{"count":4,"href":"https:\/\/dsch.pt\/en\/wp-json\/wp\/v2\/pages\/3569\/revisions"}],"predecessor-version":[{"id":3573,"href":"https:\/\/dsch.pt\/en\/wp-json\/wp\/v2\/pages\/3569\/revisions\/3573"}],"wp:attachment":[{"href":"https:\/\/dsch.pt\/en\/wp-json\/wp\/v2\/media?parent=3569"}],"curies":[{"name":"wp","href":"https:\/\/api.w.org\/{rel}","templated":true}]}}