{"id":58,"date":"2021-07-24T16:03:03","date_gmt":"2021-07-24T16:03:03","guid":{"rendered":"https:\/\/dsch.pt\/?page_id=58"},"modified":"2026-01-19T11:17:25","modified_gmt":"2026-01-19T11:17:25","slug":"dsch-associacao-musical","status":"publish","type":"page","link":"https:\/\/dsch.pt\/en\/dsch-associacao-musical\/","title":{"rendered":"DSCH &#8211; Associa\u00e7\u00e3o Musical"},"content":{"rendered":"<div data-elementor-type=\"wp-page\" data-elementor-id=\"58\" class=\"elementor elementor-58\">\n\t\t\t\t\t\t<section class=\"elementor-section elementor-top-section elementor-element elementor-element-b0648eb elementor-section-stretched elementor-section-boxed elementor-section-height-default elementor-section-height-default\" data-id=\"b0648eb\" data-element_type=\"section\" data-e-type=\"section\" data-settings=\"{&quot;stretch_section&quot;:&quot;section-stretched&quot;,&quot;background_background&quot;:&quot;classic&quot;}\">\n\t\t\t\t\t\t<div class=\"elementor-container elementor-column-gap-no\">\n\t\t\t\t\t<div class=\"elementor-column elementor-col-100 elementor-top-column elementor-element elementor-element-794fe12\" data-id=\"794fe12\" data-element_type=\"column\" data-e-type=\"column\">\n\t\t\t<div class=\"elementor-widget-wrap elementor-element-populated\">\n\t\t\t\t\t\t<section class=\"elementor-section elementor-inner-section elementor-element elementor-element-3eaa7be elementor-section-content-bottom elementor-section-boxed elementor-section-height-default elementor-section-height-default\" data-id=\"3eaa7be\" data-element_type=\"section\" data-e-type=\"section\">\n\t\t\t\t\t\t<div class=\"elementor-container elementor-column-gap-no\">\n\t\t\t\t\t<div class=\"elementor-column elementor-col-100 elementor-inner-column elementor-element elementor-element-cac6831 elementor-invisible\" data-id=\"cac6831\" data-element_type=\"column\" data-e-type=\"column\" data-settings=\"{&quot;animation&quot;:&quot;zoomIn&quot;}\">\n\t\t\t<div class=\"elementor-widget-wrap elementor-element-populated\">\n\t\t\t\t\t\t<div class=\"elementor-element elementor-element-e6e3642 elementor-widget elementor-widget-heading\" data-id=\"e6e3642\" data-element_type=\"widget\" data-e-type=\"widget\" data-settings=\"{&quot;_animation&quot;:&quot;none&quot;}\" data-widget_type=\"heading.default\">\n\t\t\t\t<div class=\"elementor-widget-container\">\n\t\t\t\t\t<h2 class=\"elementor-heading-title elementor-size-default\">DSCH - Associa\u00e7\u00e3o Musical<\/h2>\t\t\t\t<\/div>\n\t\t\t\t<\/div>\n\t\t\t\t<div class=\"elementor-element elementor-element-47530e5 elementor-absolute elementor-widget elementor-widget-heading\" data-id=\"47530e5\" data-element_type=\"widget\" data-e-type=\"widget\" data-settings=\"{&quot;_position&quot;:&quot;absolute&quot;}\" data-widget_type=\"heading.default\">\n\t\t\t\t<div class=\"elementor-widget-container\">\n\t\t\t\t\t<span class=\"elementor-heading-title elementor-size-default\">About<\/span>\t\t\t\t<\/div>\n\t\t\t\t<\/div>\n\t\t\t\t<div class=\"elementor-element elementor-element-1b6fc46 elementor-widget__width-initial elementor-widget elementor-widget-text-editor\" data-id=\"1b6fc46\" data-element_type=\"widget\" data-e-type=\"widget\" data-settings=\"{&quot;_animation&quot;:&quot;none&quot;,&quot;_animation_delay&quot;:200}\" data-widget_type=\"text-editor.default\">\n\t\t\t\t<div class=\"elementor-widget-container\">\n\t\t\t\t\t\t\t\t\t<p><span style=\"font-weight: 400;\">Founded in 2009, the <\/span><b>DSCH \u2013 Associa\u00e7\u00e3o Musical<\/b><span style=\"font-weight: 400;\"> is a cultural association whose mission is artistic training, the study and deepening of musical interpretation, and the promotion of musical culture, particularly through the organization of concerts, festivals, and publications. <\/span><span style=\"font-weight: 400;\">It also aims to promote educational activities, such as masterclasses, workshops and conferences.<\/span><\/p>\t\t\t\t\t\t\t\t<\/div>\n\t\t\t\t<\/div>\n\t\t\t\t\t<\/div>\n\t\t<\/div>\n\t\t\t\t\t<\/div>\n\t\t<\/section>\n\t\t\t\t\t<\/div>\n\t\t<\/div>\n\t\t\t\t\t<\/div>\n\t\t<\/section>\n\t\t\t\t<section class=\"elementor-section elementor-top-section elementor-element elementor-element-76a2765 elementor-section-boxed elementor-section-height-default elementor-section-height-default\" data-id=\"76a2765\" data-element_type=\"section\" data-e-type=\"section\">\n\t\t\t\t\t\t<div class=\"elementor-container elementor-column-gap-no\">\n\t\t\t\t\t<div class=\"elementor-column elementor-col-100 elementor-top-column elementor-element elementor-element-c405dbf elementor-invisible\" data-id=\"c405dbf\" data-element_type=\"column\" data-e-type=\"column\" data-settings=\"{&quot;background_background&quot;:&quot;classic&quot;,&quot;animation&quot;:&quot;fadeInLeft&quot;}\">\n\t\t\t<div class=\"elementor-widget-wrap elementor-element-populated\">\n\t\t\t\t\t\t<div class=\"elementor-element elementor-element-c844b35 elementor-widget elementor-widget-text-editor\" data-id=\"c844b35\" data-element_type=\"widget\" data-e-type=\"widget\" data-widget_type=\"text-editor.default\">\n\t\t\t\t<div class=\"elementor-widget-container\">\n\t\t\t\t\t\t\t\t\t<p class=\"translation-block\"><span style=\"font-weight: 400\">Since its foundation, the <\/span><b>DSCH \u2013 Associa\u00e7\u00e3o Musical<\/b><span style=\"font-weight: 400\"> has actively promoted the work of the <\/span><b>DSCH \u2013 Shostakovich Ensemble<\/b><span style=\"font-weight: 400\">, widely regarded as one of the leading ensembles on the international music scene. The ensemble has performed in Portugal (including Lisbon, Porto, Coimbra, Bragan\u00e7a, Viseu, Faro, Portim\u00e3o, Seixal, Matosinhos, Almada, Vila Nova de Gaia, \u00c9vora, among others) as well as in numerous countries worldwide, such as Germany, France, Sweden, Estonia, Russia, Spain, Belgium, the United States of America, Cyprus, Bulgaria, Australia, and others.<\/span><\/p><p class=\"translation-block\"><span style=\"font-weight: 400\">It has also organised several concert series and festivals, most notably the <\/span><b>Festival de M\u00fasica dos Capuchos<\/b><span style=\"font-weight: 400\"> in Almada, the <\/span><b>Festival &amp; Academia Ver\u00e3o Cl\u00e1ssico<\/b><span style=\"font-weight: 400\"> in Lisbon, the <\/span><b>Bragan\u00e7a ClassicFest \u2013 International Music Festival<\/b><span style=\"font-weight: 400\">, and the <\/span><b>Musical-Mente Concert Series<\/b><span style=\"font-weight: 400\"> in Porto.<\/span><span style=\"font-weight: 400\"><br><\/span><\/p><p class=\"translation-block\"><p data-start=\"40\" data-end=\"549\"><strong data-start=\"55\" data-end=\"84\">DSCH &ndash; Associa&ccedil;&atilde;o Musical<\/strong> has been responsible for several recordings and for commissioning works from composers such as Lu&iacute;s Tinoco, Eurico Carrapatoso, Marcelo Nisinman, and Bruce Adolphe.<\/p><\/p><p class=\"translation-block\"><p data-start=\"40\" data-end=\"549\">In 2018, <strong data-start=\"60\" data-end=\"89\">DSCH \u2013 Associa\u00e7\u00e3o Musical<\/strong> established the <strong data-start=\"106\" data-end=\"156\">DSCH \u2013 Shostakovich Ensemble Composition Prize<\/strong>, which aims to recognize, encourage, and promote contemporary Portuguese art music. The prize is awarded to honor both the work and the distinguished career of a leading Portuguese composer.<\/p><p class=\"translation-block\"><span style=\"font-weight: 400\">In 2022, the <\/span><b>DSCH \u2013 Associa\u00e7\u00e3o Musical<\/b><span style=\"font-weight: 400\"> founded the <\/span><b>Juventus Ensemble<\/b><span style=\"font-weight: 400\">, a chamber music project whose aim is to become a creative platform and a catalyst for opportunities for young musicians of recognised talent.<\/span><span style=\"font-weight: 400\"><br><\/span><\/p><p class=\"translation-block\"><span style=\"font-weight: 400\">The <\/span><b>DSCH \u2013 Associa\u00e7\u00e3o Musical<\/b><span style=\"font-weight: 400\"> is under the artistic direction of Filipe Pinto-Ribeiro and is a structure funded by the Ministry of Culture \/ Directorate-General for the Arts.<\/span><\/p><div dir=\"ltr\"><strong>Team:<\/strong><\/div><div dir=\"ltr\">Artistic Director:<strong>\u00a0Filipe Pinto-Ribeiro<\/strong><\/div><div dir=\"ltr\">Administrative Director:\u00a0<strong>Paulo Ver\u00edssimo da Silva<\/strong><\/div><div dir=\"ltr\">Assistant Directors:\u00a0<strong>Rosa Maria Barrantes and Tiago Pinto-Ribeiro<\/strong><\/div><div dir=\"ltr\">Production and Communication:\u00a0<strong>Andreia Carvalho<\/strong><\/div><div dir=\"ltr\">Production and Stage Management Assistant:\u00a0<strong>Jo\u00e3o Mendes\u00a0<\/strong><\/div><div dir=\"ltr\">Graphic Design:\u00a0<strong>Marco Grieco<\/strong><\/div>\t\t\t\t\t\t\t\t<\/div>\n\t\t\t\t<\/div>\n\t\t\t\t<div class=\"elementor-element elementor-element-1b34bb4 elementor-absolute elementor-widget elementor-widget-heading\" data-id=\"1b34bb4\" data-element_type=\"widget\" data-e-type=\"widget\" data-settings=\"{&quot;_position&quot;:&quot;absolute&quot;}\" data-widget_type=\"heading.default\">\n\t\t\t\t<div class=\"elementor-widget-container\">\n\t\t\t\t\t<span class=\"elementor-heading-title elementor-size-default\">About<\/span>\t\t\t\t<\/div>\n\t\t\t\t<\/div>\n\t\t\t\t\t<\/div>\n\t\t<\/div>\n\t\t\t\t\t<\/div>\n\t\t<\/section>\n\t\t\t\t<\/div>","protected":false},"excerpt":{"rendered":"<p>DSCH &#8211; Associa\u00e7\u00e3o Musical Sobre Fundada em 2009, a DSCH \u2013 Associa\u00e7\u00e3o Musical \u00e9 uma associa\u00e7\u00e3o cultural que tem como objecto social a forma\u00e7\u00e3o art\u00edstica, o estudo e aprofundamento da interpreta\u00e7\u00e3o musical e ainda a divulga\u00e7\u00e3o da cultura musical, nomeadamente atrav\u00e9s da organiza\u00e7\u00e3o de concertos, festivais e edi\u00e7\u00f5es. Tem ainda como intuito promover ac\u00e7\u00f5es de&#8230;<\/p>","protected":false},"author":1,"featured_media":0,"parent":0,"menu_order":0,"comment_status":"closed","ping_status":"closed","template":"elementor_header_footer","meta":{"footnotes":""},"class_list":["post-58","page","type-page","status-publish","hentry"],"aioseo_notices":[],"_links":{"self":[{"href":"https:\/\/dsch.pt\/en\/wp-json\/wp\/v2\/pages\/58","targetHints":{"allow":["GET"]}}],"collection":[{"href":"https:\/\/dsch.pt\/en\/wp-json\/wp\/v2\/pages"}],"about":[{"href":"https:\/\/dsch.pt\/en\/wp-json\/wp\/v2\/types\/page"}],"author":[{"embeddable":true,"href":"https:\/\/dsch.pt\/en\/wp-json\/wp\/v2\/users\/1"}],"replies":[{"embeddable":true,"href":"https:\/\/dsch.pt\/en\/wp-json\/wp\/v2\/comments?post=58"}],"version-history":[{"count":126,"href":"https:\/\/dsch.pt\/en\/wp-json\/wp\/v2\/pages\/58\/revisions"}],"predecessor-version":[{"id":3547,"href":"https:\/\/dsch.pt\/en\/wp-json\/wp\/v2\/pages\/58\/revisions\/3547"}],"wp:attachment":[{"href":"https:\/\/dsch.pt\/en\/wp-json\/wp\/v2\/media?parent=58"}],"curies":[{"name":"wp","href":"https:\/\/api.w.org\/{rel}","templated":true}]}}